{"id":2404,"date":"2024-12-04T11:17:18","date_gmt":"2024-12-04T10:17:18","guid":{"rendered":"https:\/\/loja.virtualhome360.pt\/?post_type=product&#038;p=2404"},"modified":"2025-03-21T16:27:21","modified_gmt":"2025-03-21T15:27:21","slug":"insta360-flow-white","status":"publish","type":"product","link":"http:\/\/shop.virtualhome360.pt\/es\/product\/insta360-flow-white\/","title":{"rendered":"Insta360 FLOW 2 PRO (Est\u00e1ndar)"},"content":{"rendered":"<p>Dise\u00f1ado para creadores, aventureros y profesionales, este gimbal AI de pr\u00f3xima generaci\u00f3n combina tecnolog\u00eda innovadora con un dise\u00f1o todo en uno para convertir su tel\u00e9fono inteligente en la herramienta de creaci\u00f3n de contenido definitiva.<\/p>\n<p>Con la integraci\u00f3n extendida de Apple DockKit, el nuevo<strong>\u00a0Seguimiento de la IA de Deep Track 4.0<\/strong>\u00a0Adem\u00e1s de las funciones de nivel profesional como Active Zoom Tracking y Multi-Person Tracking, Flow 2 Pro lleva las innovaciones de Insta360 en el espacio de creaci\u00f3n de contenido m\u00f3vil a nuevas alturas. Con mejoras en el tr\u00edpode incorporado, el power bank y el selfie stick, el Flow 2 Pro establece un nuevo est\u00e1ndar para la captura de tel\u00e9fonos inteligentes.<\/p>","protected":false},"excerpt":{"rendered":"<p>Flow 2 Pro presenta Deep Track 4.0, la evoluci\u00f3n definitiva en la tecnolog\u00eda de seguimiento de IA.<\/p>","protected":false},"featured_media":2699,"template":"","meta":[],"product_brand":[149],"product_cat":[131,38],"product_tag":[118],"class_list":{"0":"post-2404","1":"product","2":"type-product","3":"status-publish","4":"has-post-thumbnail","6":"product_brand-insta360","7":"product_cat-acessorios","8":"product_cat-equipamentos","9":"product_tag-insta360","11":"first","12":"instock","13":"taxable","14":"shipping-taxable","15":"purchasable","16":"product-type-variable"},"ct_brands":[{"id":149,"name":"Insta360","slug":"insta360"}],"_links":{"self":[{"href":"http:\/\/shop.virtualhome360.pt\/es\/wp-json\/wp\/v2\/product\/2404","targetHints":{"allow":["GET"]}}],"collection":[{"href":"http:\/\/shop.virtualhome360.pt\/es\/wp-json\/wp\/v2\/product"}],"about":[{"href":"http:\/\/shop.virtualhome360.pt\/es\/wp-json\/wp\/v2\/types\/product"}],"wp:featuredmedia":[{"embeddable":true,"href":"http:\/\/shop.virtualhome360.pt\/es\/wp-json\/wp\/v2\/media\/2699"}],"wp:attachment":[{"href":"http:\/\/shop.virtualhome360.pt\/es\/wp-json\/wp\/v2\/media?parent=2404"}],"wp:term":[{"taxonomy":"product_brand","embeddable":true,"href":"http:\/\/shop.virtualhome360.pt\/es\/wp-json\/wp\/v2\/product_brand?post=2404"},{"taxonomy":"product_cat","embeddable":true,"href":"http:\/\/shop.virtualhome360.pt\/es\/wp-json\/wp\/v2\/product_cat?post=2404"},{"taxonomy":"product_tag","embeddable":true,"href":"http:\/\/shop.virtualhome360.pt\/es\/wp-json\/wp\/v2\/product_tag?post=2404"}],"curies":[{"name":"wp","href":"https:\/\/api.w.org\/{rel}","templated":true}]}}