{"id":2420,"date":"2024-12-04T11:26:39","date_gmt":"2024-12-04T10:26:39","guid":{"rendered":"https:\/\/loja.virtualhome360.pt\/?post_type=product&#038;p=2420"},"modified":"2025-04-14T15:32:48","modified_gmt":"2025-04-14T14:32:48","slug":"autel-evo-drone-nano-standard-package-orange","status":"publish","type":"product","link":"http:\/\/shop.virtualhome360.pt\/es\/product\/autel-evo-drone-nano-standard-package-orange\/","title":{"rendered":"Drone \u2013 Autel Evo \u2013 Nano Standard \u2013 Naranja"},"content":{"rendered":"<p>El dron Autel EVO Nano cuenta con potentes capacidades de fotograf\u00eda a\u00e9rea en un cuerpo compacto, plegable y del tama\u00f1o de una palma. Incluso con un peso de solo 249 g, el dron de c\u00e1mara EVO Nano 4k con c\u00e1mara de 48 MP con sensor CMOS de 1\/2 '' se combina con un card\u00e1n mec\u00e1nico ultraestable de tres ejes que es capaz de grabar video HDR cinematogr\u00e1fico 4K \/ 30 fps incluso en las condiciones m\u00e1s desafiantes. El cuerpo est\u00e1 dise\u00f1ado para soportar vientos de hasta el nivel 5. Y con un tiempo de vuelo de 28 minutos, una distancia de transmisi\u00f3n de 10 km, el mini dron EVO Nano ofrece la capacidad de volar m\u00e1s lejos y ver m\u00e1s claramente.<\/p>\n<p>&nbsp;<\/p>\n<p><iframe loading=\"lazy\" title=\"El EVO Nano ha llegado.\" width=\"1290\" height=\"726\" src=\"https:\/\/www.youtube.com\/embed\/V5__pPDiuJU?feature=oembed\" frameborder=\"0\" allow=\"accelerometer; autoplay; clipboard-write; encrypted-media; gyroscope; picture-in-picture; web-share\" referrerpolicy=\"strict-origin-when-cross-origin\" allowfullscreen><\/iframe><\/p>","protected":false},"excerpt":{"rendered":"<p>EVO Nano puede volar continuamente durante 28 minutos<\/p>","protected":false},"featured_media":2430,"template":"","meta":[],"product_brand":[],"product_cat":[137,38],"product_tag":[132],"class_list":{"0":"post-2420","1":"product","2":"type-product","3":"status-publish","4":"has-post-thumbnail","6":"product_cat-drone","7":"product_cat-equipamentos","8":"product_tag-autel","10":"first","11":"onbackorder","12":"taxable","13":"shipping-taxable","14":"product-type-simple"},"ct_brands":[],"_links":{"self":[{"href":"http:\/\/shop.virtualhome360.pt\/es\/wp-json\/wp\/v2\/product\/2420","targetHints":{"allow":["GET"]}}],"collection":[{"href":"http:\/\/shop.virtualhome360.pt\/es\/wp-json\/wp\/v2\/product"}],"about":[{"href":"http:\/\/shop.virtualhome360.pt\/es\/wp-json\/wp\/v2\/types\/product"}],"wp:featuredmedia":[{"embeddable":true,"href":"http:\/\/shop.virtualhome360.pt\/es\/wp-json\/wp\/v2\/media\/2430"}],"wp:attachment":[{"href":"http:\/\/shop.virtualhome360.pt\/es\/wp-json\/wp\/v2\/media?parent=2420"}],"wp:term":[{"taxonomy":"product_brand","embeddable":true,"href":"http:\/\/shop.virtualhome360.pt\/es\/wp-json\/wp\/v2\/product_brand?post=2420"},{"taxonomy":"product_cat","embeddable":true,"href":"http:\/\/shop.virtualhome360.pt\/es\/wp-json\/wp\/v2\/product_cat?post=2420"},{"taxonomy":"product_tag","embeddable":true,"href":"http:\/\/shop.virtualhome360.pt\/es\/wp-json\/wp\/v2\/product_tag?post=2420"}],"curies":[{"name":"wp","href":"https:\/\/api.w.org\/{rel}","templated":true}]}}