{"id":774,"date":"2023-06-15T16:22:21","date_gmt":"2023-06-15T15:22:21","guid":{"rendered":"https:\/\/loja.virtualhome360.pt\/politica-de-privacidade\/"},"modified":"2024-10-16T14:17:20","modified_gmt":"2024-10-16T13:17:20","slug":"politica-de-privacidade","status":"publish","type":"page","link":"https:\/\/shop.virtualhome360.pt\/es\/politica-de-privacidade\/","title":{"rendered":"Pol\u00edtica de privacidad"},"content":{"rendered":"<p><strong>Qui\u00e9nes somos<\/strong><br\/>Nuestro sitio web es www.virtualhome360.pt y nuestra tienda https:\/\/loja.virtualhome360.pt<\/p>\n\n<ol class=\"wp-block-list\">\n<li><strong>\u00c1mbito general<\/strong><br\/>Virtual Home 360 (VH360), ubicado en R. Conde S\u00e3o Salvador, 378-D, 4450-264 Matosinhos, con NIPC 513165878, es responsable de este sitio web. Esta pol\u00edtica de privacidad cubre este sitio web, as\u00ed como otros sitios web que mencionan dicha pol\u00edtica VH360 se compromete a respetar la privacidad del Usuario y a procesar sus datos personales de manera cuidadosa y confidencial, de acuerdo con las leyes aplicables. Los datos no ser\u00e1n tratados para ninguna finalidad distinta de las aqu\u00ed especificadas. Toda su informaci\u00f3n personal (nombre, direcci\u00f3n, etc.) solo se utilizar\u00e1 para garantizar una buena comunicaci\u00f3n, intercambio de informaci\u00f3n y acciones de marketing. No transmitimos su informaci\u00f3n a terceros y no enviamos correo basura u otros correos electr\u00f3nicos no solicitados. VH360 se reserva el derecho de actualizar o modificar su Pol\u00edtica de Privacidad en cualquier momento, en particular con el fin de adaptarla a los cambios legislativos. Por lo tanto, se recomienda al Usuario que visite esta p\u00e1gina regularmente.<\/li>\n\n\n\n<li><strong>Consentimiento<\/strong><br\/>Al utilizar este sitio web, est\u00e1 dando su consentimiento para la recopilaci\u00f3n y el uso de la informaci\u00f3n que env\u00eda \/ env\u00eda. VH360 podr\u00e1, en cualquier momento, modificar, a\u00f1adir o eliminar cualquiera de las pol\u00edticas de privacidad de su sitio web actualizando el contenido de esta p\u00e1gina.<\/li>\n\n\n\n<li><strong>3. \u00bfQu\u00e9 tipo de datos se recopilan?<\/strong><br\/>VH360 recopila datos sobre las empresas y \/ o individuos que son sus clientes y sus empleados, incluidos el nombre y la direcci\u00f3n de correo electr\u00f3nico.<\/li>\n\n\n\n<li><strong>Finalidad<\/strong><br\/>Los datos recopilados en el sitio web est\u00e1n destinados a la comunicaci\u00f3n con los clientes, el procesamiento de consultas, el an\u00e1lisis estad\u00edstico, as\u00ed como su posible uso con fines de marketing directo.<\/li>\n\n\n\n<li><strong>Marketing directo<\/strong><br\/>VH360 puede utilizar sus datos personales para enviarle cualquier correspondencia no solicitada relacionada con productos u ofertas comerciales que puedan ser de su inter\u00e9s. VH360 no vende ni comercializa sus datos. El cliente autoriza expresamente a VH360 a enviar informaci\u00f3n sobre productos y servicios que puedan ser de su inter\u00e9s, utilizando sus datos personales con fines de marketing directo, a trav\u00e9s de cualquier canal de comunicaci\u00f3n, es decir, mediante el uso de correo electr\u00f3nico, tel\u00e9fono, SMS o MMS. VH360 no comercializar\u00e1 ni compartir\u00e1 su base de datos de clientes con terceros.<\/li>\n\n\n\n<li><strong>Acceso a los datos personales del Usuario<\/strong><br\/>VH360 no revela ning\u00fan dato personal de sus Clientes y Usuarios a terceros sin su consentimiento. VH360 tomar\u00e1 las precauciones razonables para garantizar que sus empleados o colaboradores, con acceso a los datos personales, reciban la formaci\u00f3n adecuada para su correcto tratamiento, respetando esta pol\u00edtica y las obligaciones legales de protecci\u00f3n de datos En caso de incumplimiento, VH360 aplicar\u00e1 sanciones disciplinarias a sus empleados y colaboradores. Siempre que VH360 revele los datos personales del Usuario, salvaguardar\u00e1 el cumplimiento de la Ley de Protecci\u00f3n de Datos Personales, es decir, mediante disposiciones contractuales que garanticen que el tercero utilice los datos recibidos solo para los fines especificados y de acuerdo con los fines descritos en esta pol\u00edtica, y que haga uso de los medios de seguridad adecuados, con el fin de proteger los datos personales del Usuario contra el procesamiento ilegal o no autorizado, as\u00ed como contra su p\u00e9rdida accidental, destrucci\u00f3n u otras acciones da\u00f1inas.<\/li>\n\n\n\n<li><strong>Ubicaci\u00f3n donde se almacenan los datos del usuario<br\/><\/strong>VH360 almacena los datos de sus clientes y Usuarios en sus servidores ubicados en Portugal o en el extranjero. Estos servidores est\u00e1n protegidos y mantenidos de acuerdo con altos est\u00e1ndares de seguridad y con el fin de respetar las leyes de privacidad aplicables.<\/li>\n\n\n\n<li><strong>Seguridad de los datos de usuario<\/strong><br\/>OA VH360 ha tomado las medidas t\u00e9cnicas y organizativas necesarias para proteger adecuadamente sus datos contra el acceso y el procesamiento no autorizados. VH360 har\u00e1 todos los esfuerzos razonables para evitar el uso no autorizado o ilegal de sus datos personales y la p\u00e9rdida, destrucci\u00f3n o da\u00f1o de sus datos. Sin embargo, VH360 no puede proporcionar una garant\u00eda absoluta de seguridad en relaci\u00f3n con sus datos. VH360 protege la seguridad de sus datos personales a trav\u00e9s de los siguientes medios: 1. uso de cifrado certificado en todas las comunicaciones en el sitio web; 2. uso de una contrase\u00f1a para acceder al sitio web; Limitaci\u00f3n del acceso a los datos personales (por ejemplo, acceso solo a los empleados o empleados de VH360 que requieren acceso para los fines descritos anteriormente).      <\/li>\n\n\n\n<li><strong>Per\u00edodo de conservaci\u00f3n de los datos<\/strong><br\/>Sus datos se conservar\u00e1n y almacenar\u00e1n desde la concesi\u00f3n de este consentimiento y durante un per\u00edodo de 3 a\u00f1os, despu\u00e9s del cual estar\u00e1n sujetos a una solicitud de renovaci\u00f3n.<\/li>\n\n\n\n<li><strong>Enlaces en el sitio<\/strong><br\/>El sitio web de VH360 puede contener enlaces a otros sitios web y direcciones de correo electr\u00f3nico de compa\u00f1\u00edas que no son de VH360. Esta Pol\u00edtica de privacidad no se aplica a dichos sitios web y direcciones de correo electr\u00f3nico. Si utiliza un enlace disponible en este sitio web a otro sitio web y proporciona datos personales en ese sitio web, el procesamiento de los datos estar\u00e1 sujeto a la declaraci\u00f3n de privacidad de ese sitio web.  <\/li>\n\n\n\n<li><strong>Galletas<\/strong><br\/>El sitio web de VH360 utiliza cookies en ciertas \u00e1reas. Las cookies son archivos que almacenan informaci\u00f3n en su disco duro o navegador, lo que permite a los sitios web reconocerlo y saber que los ha visitado antes. Puede configurar su navegador para rechazar las cookies, pero en este caso el sitio, o partes del mismo, puede no funcionar correctamente o puede ser m\u00e1s lento. Las cookies se utilizan para monitorear y analizar el uso del sitio web, lo que permite a VH360 identificar y servir mejor al Usuario. VH360 no comparte cookies con terceros, incluidos proveedores de datos externos o sitios web.<\/li>\n\n\n\n<li><strong>Sus derechos en relaci\u00f3n con los datos<br\/><\/strong>De conformidad con la Ley de Protecci\u00f3n de Datos Personales, el Usuario tiene derecho a obtener informaci\u00f3n sobre sus datos personales. Tiene derecho a saber qu\u00e9 datos personales han sido procesados por VH360 y tambi\u00e9n puede solicitar a VH360 que corrija, complemente, bloquee o borre los datos, en su totalidad o en parte, si resulta ser incompleto, inexacto o irrelevante para los fines del procesamiento. La actualizaci\u00f3n de los datos debe ser realizada por el propio cliente a trav\u00e9s del correo electr\u00f3nico: vh360@plug-in.studio<br\/>Si desea, en cualquier momento, dejar de formar parte de la base de datos VH360, puede ejercer este derecho poni\u00e9ndose en contacto con nosotros a trav\u00e9s de los siguientes medios: <\/li>\n\n\n\n<li><strong>Direcci\u00f3n: <\/strong>R. Conde S\u00e3o Salvador, 378-D \/ 4450-264 Matosinhos<\/li>\n\n\n\n<li><strong>Correo electr\u00f3nico<\/strong>: vh360@plug-in.studio<\/li>\n\n\n\n<li><strong>Sitio<\/strong>: www.virtualhome360 \/ https:\/\/loja.virtualhome360.pt<\/li>\n<\/ol>","protected":false},"excerpt":{"rendered":"<p>Qui\u00e9nes somosNuestro sitio web es www.virtualhome360.pt y nuestra tienda https:\/\/loja.virtualhome360.pt<\/p>","protected":false},"author":2,"featured_media":0,"parent":0,"menu_order":0,"comment_status":"closed","ping_status":"closed","template":"","meta":{"footnotes":""},"class_list":["post-774","page","type-page","status-publish","hentry"],"blocksy_meta":[],"_links":{"self":[{"href":"https:\/\/shop.virtualhome360.pt\/es\/wp-json\/wp\/v2\/pages\/774","targetHints":{"allow":["GET"]}}],"collection":[{"href":"https:\/\/shop.virtualhome360.pt\/es\/wp-json\/wp\/v2\/pages"}],"about":[{"href":"https:\/\/shop.virtualhome360.pt\/es\/wp-json\/wp\/v2\/types\/page"}],"author":[{"embeddable":true,"href":"https:\/\/shop.virtualhome360.pt\/es\/wp-json\/wp\/v2\/users\/2"}],"replies":[{"embeddable":true,"href":"https:\/\/shop.virtualhome360.pt\/es\/wp-json\/wp\/v2\/comments?post=774"}],"version-history":[{"count":0,"href":"https:\/\/shop.virtualhome360.pt\/es\/wp-json\/wp\/v2\/pages\/774\/revisions"}],"wp:attachment":[{"href":"https:\/\/shop.virtualhome360.pt\/es\/wp-json\/wp\/v2\/media?parent=774"}],"curies":[{"name":"wp","href":"https:\/\/api.w.org\/{rel}","templated":true}]}}