{"id":1112,"date":"2024-01-16T22:14:47","date_gmt":"2024-01-16T21:14:47","guid":{"rendered":"https:\/\/loja.virtualhome360.pt\/?post_type=product&#038;p=1112"},"modified":"2025-08-28T15:00:00","modified_gmt":"2025-08-28T14:00:00","slug":"superlink","status":"publish","type":"product","link":"https:\/\/shop.virtualhome360.pt\/es\/product\/superlink\/","title":{"rendered":"Superlink"},"content":{"rendered":"<p>Enlaces intuitivos, seguros y din\u00e1micos, c\u00f3digos QR y p\u00e1ginas Bio. Impulsa tus campa\u00f1as y obt\u00e9n an\u00e1lisis instant\u00e1neos.<\/p>\n<p>Convierte a tus seguidores creando hermosas p\u00e1ginas que agrupan todos tus enlaces importantes en una sola p\u00e1gina.<\/p>\n<p>Un enlace corto es una poderosa herramienta de marketing cuando se utiliza correctamente. No es solo un enlace, es un medio entre el cliente y el destino del cliente. Un enlace corto le permite recopilar informaci\u00f3n sobre los comportamientos de sus clientes.<\/p>\n<p>Los c\u00f3digos QR est\u00e1n en todas partes y no desaparecer\u00e1n. Son un gran activo para su empresa porque puede capturar f\u00e1cilmente usuarios y convertirlos. Los c\u00f3digos QR se pueden personalizar para que coincidan con su empresa, marca o producto.<\/p>\n<p>M\u00e1s informaci\u00f3n en <a href=\"https:\/\/superlink.studio\" target=\"_blank\" rel=\"noopener\">superlink.studio<\/a>.<\/p>","protected":false},"excerpt":{"rendered":"<p>Bio Links, enlaces cortos y c\u00f3digos QR intuitivos, seguros y din\u00e1micos. Impulsa tus campa\u00f1as y obt\u00e9n an\u00e1lisis instant\u00e1neos.<\/p>\n<p>M\u00e1s informaci\u00f3n en <a href=\"https:\/\/superlink.studio\" target=\"_blank\" rel=\"noopener\">superlink.studio<\/a>.<\/p>","protected":false},"featured_media":1347,"template":"","meta":[],"product_brand":[],"product_cat":[40],"product_tag":[89],"class_list":{"0":"post-1112","1":"product","2":"type-product","3":"status-publish","4":"has-post-thumbnail","6":"product_cat-software-pt","7":"product_tag-vcard","8":"product_shipping_class-virtual-pt-pt","10":"first","11":"instock","12":"taxable","13":"shipping-taxable","14":"purchasable","15":"product-type-variable"},"ct_brands":[],"_links":{"self":[{"href":"https:\/\/shop.virtualhome360.pt\/es\/wp-json\/wp\/v2\/product\/1112","targetHints":{"allow":["GET"]}}],"collection":[{"href":"https:\/\/shop.virtualhome360.pt\/es\/wp-json\/wp\/v2\/product"}],"about":[{"href":"https:\/\/shop.virtualhome360.pt\/es\/wp-json\/wp\/v2\/types\/product"}],"wp:featuredmedia":[{"embeddable":true,"href":"https:\/\/shop.virtualhome360.pt\/es\/wp-json\/wp\/v2\/media\/1347"}],"wp:attachment":[{"href":"https:\/\/shop.virtualhome360.pt\/es\/wp-json\/wp\/v2\/media?parent=1112"}],"wp:term":[{"taxonomy":"product_brand","embeddable":true,"href":"https:\/\/shop.virtualhome360.pt\/es\/wp-json\/wp\/v2\/product_brand?post=1112"},{"taxonomy":"product_cat","embeddable":true,"href":"https:\/\/shop.virtualhome360.pt\/es\/wp-json\/wp\/v2\/product_cat?post=1112"},{"taxonomy":"product_tag","embeddable":true,"href":"https:\/\/shop.virtualhome360.pt\/es\/wp-json\/wp\/v2\/product_tag?post=1112"}],"curies":[{"name":"wp","href":"https:\/\/api.w.org\/{rel}","templated":true}]}}