{"id":1352,"date":"2024-03-19T16:44:00","date_gmt":"2024-03-19T15:44:00","guid":{"rendered":"https:\/\/loja.virtualhome360.pt\/?post_type=product&#038;p=1352"},"modified":"2026-01-21T18:13:47","modified_gmt":"2026-01-21T17:13:47","slug":"virtual-home-staging","status":"publish","type":"product","link":"https:\/\/shop.virtualhome360.pt\/es\/product\/virtual-home-staging\/","title":{"rendered":"Virtual Home Staging"},"content":{"rendered":"<p>O <a href=\"https:\/\/virtualhome360.pt\/virtual-staging\/\" target=\"_blank\" rel=\"noopener\"><strong>Virtual Home Staging<\/strong><\/a> es una soluci\u00f3n econ\u00f3mica y conveniente para presentar sus propiedades. Al eliminar la necesidad de una puesta en escena f\u00edsica, ahorra tiempo y dinero tanto para usted como para los propietarios. Vea espacios vac\u00edos u obsoletos que se transforman en \u00e1reas modernas y atractivas que captar\u00e1n la atenci\u00f3n de los compradores. Consultar el <a href=\"https:\/\/superlink.studio\/vscatalog\" target=\"_blank\" rel=\"noopener\">Cat\u00e1logo de Entornos<\/a>\u00a0disponible.<\/p>\n<p>Con cr\u00e9ditos <a href=\"https:\/\/loja.virtualhome360.pt\/produto\/plan-most\/\">M\u00c1S<\/a> o con un plan <a href=\"https:\/\/loja.virtualhome360.pt\/produto\/most\/\">M\u00c1S+<\/a> Este servicio es m\u00e1s econ\u00f3mico.<\/p>","protected":false},"excerpt":{"rendered":"<p>Inmobiliaria en todo su potencial, real y virtual. Disponible para fotograf\u00edas tradicionales y panoramas 360o. Consultar el <a href=\"https:\/\/superlink.studio\/vscatalog\" target=\"_blank\" rel=\"noopener\">Cat\u00e1logo de Entornos<\/a> disponible. Con cr\u00e9ditos <a href=\"https:\/\/loja.virtualhome360.pt\/produto\/plan-most\/\">M\u00c1S<\/a> o con un plan <a href=\"https:\/\/loja.virtualhome360.pt\/produto\/most\/\">M\u00c1S+<\/a> Este servicio es m\u00e1s econ\u00f3mico.<\/p>","protected":false},"featured_media":1353,"template":"","meta":[],"product_brand":[],"product_cat":[98],"product_tag":[],"class_list":{"0":"post-1352","1":"product","2":"type-product","3":"status-publish","4":"has-post-thumbnail","6":"product_cat-servicos","8":"first","9":"instock","10":"featured","11":"taxable","12":"shipping-taxable","13":"purchasable","14":"product-type-variable"},"ct_brands":[],"_links":{"self":[{"href":"https:\/\/shop.virtualhome360.pt\/es\/wp-json\/wp\/v2\/product\/1352","targetHints":{"allow":["GET"]}}],"collection":[{"href":"https:\/\/shop.virtualhome360.pt\/es\/wp-json\/wp\/v2\/product"}],"about":[{"href":"https:\/\/shop.virtualhome360.pt\/es\/wp-json\/wp\/v2\/types\/product"}],"wp:featuredmedia":[{"embeddable":true,"href":"https:\/\/shop.virtualhome360.pt\/es\/wp-json\/wp\/v2\/media\/1353"}],"wp:attachment":[{"href":"https:\/\/shop.virtualhome360.pt\/es\/wp-json\/wp\/v2\/media?parent=1352"}],"wp:term":[{"taxonomy":"product_brand","embeddable":true,"href":"https:\/\/shop.virtualhome360.pt\/es\/wp-json\/wp\/v2\/product_brand?post=1352"},{"taxonomy":"product_cat","embeddable":true,"href":"https:\/\/shop.virtualhome360.pt\/es\/wp-json\/wp\/v2\/product_cat?post=1352"},{"taxonomy":"product_tag","embeddable":true,"href":"https:\/\/shop.virtualhome360.pt\/es\/wp-json\/wp\/v2\/product_tag?post=1352"}],"curies":[{"name":"wp","href":"https:\/\/api.w.org\/{rel}","templated":true}]}}