{"id":1444,"date":"2024-06-12T19:16:01","date_gmt":"2024-06-12T18:16:01","guid":{"rendered":"https:\/\/loja.virtualhome360.pt\/product\/creditos-ai\/"},"modified":"2026-01-19T15:54:38","modified_gmt":"2026-01-19T14:54:38","slug":"creditos-ai","status":"publish","type":"product","link":"https:\/\/shop.virtualhome360.pt\/es\/product\/creditos-ai\/","title":{"rendered":"Cr\u00e9ditos de IA para Panoramas"},"content":{"rendered":"<p>Estos cr\u00e9ditos se pueden utilizar para mejorar autom\u00e1ticamente sus panoramas y no caducan.<\/p>","protected":false},"excerpt":{"rendered":"<p>Estos cr\u00e9ditos se pueden utilizar para mejorar autom\u00e1ticamente sus panoramas y no caducan.<\/p>","protected":false},"featured_media":1617,"template":"","meta":[],"product_brand":[],"product_cat":[98],"product_tag":[],"class_list":{"0":"post-1444","1":"product","2":"type-product","3":"status-publish","4":"has-post-thumbnail","6":"product_cat-servicos","8":"first","9":"instock","10":"virtual","11":"taxable","12":"purchasable","13":"product-type-simple"},"ct_brands":[],"_links":{"self":[{"href":"https:\/\/shop.virtualhome360.pt\/es\/wp-json\/wp\/v2\/product\/1444","targetHints":{"allow":["GET"]}}],"collection":[{"href":"https:\/\/shop.virtualhome360.pt\/es\/wp-json\/wp\/v2\/product"}],"about":[{"href":"https:\/\/shop.virtualhome360.pt\/es\/wp-json\/wp\/v2\/types\/product"}],"wp:featuredmedia":[{"embeddable":true,"href":"https:\/\/shop.virtualhome360.pt\/es\/wp-json\/wp\/v2\/media\/1617"}],"wp:attachment":[{"href":"https:\/\/shop.virtualhome360.pt\/es\/wp-json\/wp\/v2\/media?parent=1444"}],"wp:term":[{"taxonomy":"product_brand","embeddable":true,"href":"https:\/\/shop.virtualhome360.pt\/es\/wp-json\/wp\/v2\/product_brand?post=1444"},{"taxonomy":"product_cat","embeddable":true,"href":"https:\/\/shop.virtualhome360.pt\/es\/wp-json\/wp\/v2\/product_cat?post=1444"},{"taxonomy":"product_tag","embeddable":true,"href":"https:\/\/shop.virtualhome360.pt\/es\/wp-json\/wp\/v2\/product_tag?post=1444"}],"curies":[{"name":"wp","href":"https:\/\/api.w.org\/{rel}","templated":true}]}}