{"id":1462,"date":"2024-08-14T17:31:34","date_gmt":"2024-08-14T16:31:34","guid":{"rendered":"https:\/\/loja.virtualhome360.pt\/?post_type=product&#038;p=1462"},"modified":"2025-10-24T16:36:57","modified_gmt":"2025-10-24T15:36:57","slug":"newsletter","status":"publish","type":"product","link":"https:\/\/shop.virtualhome360.pt\/es\/product\/newsletter\/","title":{"rendered":"Bolet\u00edn de noticias"},"content":{"rendered":"<p>Creaci\u00f3n y env\u00edo de newsletter.<br \/>\nEnv\u00edo inicial + 2 referencias a lista de contactos ilimitada.<br \/>\nNo necesitas un ESP (proveedor de servicios de correo electr\u00f3nico) como Mailchimp o similar.<\/p>","protected":false},"excerpt":{"rendered":"<p>Creaci\u00f3n y env\u00edo de newsletter. Con cr\u00e9ditos <a href=\"https:\/\/loja.virtualhome360.pt\/produto\/most\/\">M\u00c1S<\/a> o un plan <a href=\"https:\/\/loja.virtualhome360.pt\/produto\/mostplus\/\">MOST+ este servicio es m\u00e1s barato.<\/a><\/p>","protected":false},"featured_media":1466,"template":"","meta":[],"product_brand":[],"product_cat":[98],"product_tag":[],"class_list":{"0":"post-1462","1":"product","2":"type-product","3":"status-publish","4":"has-post-thumbnail","6":"product_cat-servicos","8":"first","9":"instock","10":"virtual","11":"taxable","12":"purchasable","13":"product-type-simple"},"ct_brands":[],"_links":{"self":[{"href":"https:\/\/shop.virtualhome360.pt\/es\/wp-json\/wp\/v2\/product\/1462","targetHints":{"allow":["GET"]}}],"collection":[{"href":"https:\/\/shop.virtualhome360.pt\/es\/wp-json\/wp\/v2\/product"}],"about":[{"href":"https:\/\/shop.virtualhome360.pt\/es\/wp-json\/wp\/v2\/types\/product"}],"wp:featuredmedia":[{"embeddable":true,"href":"https:\/\/shop.virtualhome360.pt\/es\/wp-json\/wp\/v2\/media\/1466"}],"wp:attachment":[{"href":"https:\/\/shop.virtualhome360.pt\/es\/wp-json\/wp\/v2\/media?parent=1462"}],"wp:term":[{"taxonomy":"product_brand","embeddable":true,"href":"https:\/\/shop.virtualhome360.pt\/es\/wp-json\/wp\/v2\/product_brand?post=1462"},{"taxonomy":"product_cat","embeddable":true,"href":"https:\/\/shop.virtualhome360.pt\/es\/wp-json\/wp\/v2\/product_cat?post=1462"},{"taxonomy":"product_tag","embeddable":true,"href":"https:\/\/shop.virtualhome360.pt\/es\/wp-json\/wp\/v2\/product_tag?post=1462"}],"curies":[{"name":"wp","href":"https:\/\/api.w.org\/{rel}","templated":true}]}}