{"id":2305,"date":"2024-12-03T17:09:24","date_gmt":"2024-12-03T16:09:24","guid":{"rendered":"https:\/\/loja.virtualhome360.pt\/?post_type=product&#038;p=2305"},"modified":"2025-05-23T10:38:12","modified_gmt":"2025-05-23T09:38:12","slug":"insta360-x4-utility-frame","status":"publish","type":"product","link":"https:\/\/shop.virtualhome360.pt\/es\/product\/insta360-x4-utility-frame\/","title":{"rendered":"Marco de utilidad Insta360 X4"},"content":{"rendered":"<p><strong>Mayor protecci\u00f3n para las lentes y el cuerpo de la Insta360 X4.<\/strong><\/p>\n<p>Dise\u00f1o actualizado: El nuevo dise\u00f1o de hebilla para una instalaci\u00f3n r\u00e1pida, c\u00f3moda y segura.<\/p>\n<p>Hecho para ser pr\u00e1ctico: Utilice los dos soportes de zapata r\u00e1pida incluidos para conectar micr\u00f3fonos y otros accesorios o un soporte para disparar horizontalmente.<\/p>\n<p>Flexibilidad total para su configuraci\u00f3n: Montar verticalmente con el punto de montaje de dos pines plegable u horizontalmente con los puntos de montaje de 1\/4\u2032\u2032.<\/p>","protected":false},"excerpt":{"rendered":"<p>Protecci\u00f3n adicional para su Insta360 X4.<\/p>","protected":false},"featured_media":2333,"template":"","meta":[],"product_brand":[],"product_cat":[131,38],"product_tag":[118],"class_list":{"0":"post-2305","1":"product","2":"type-product","3":"status-publish","4":"has-post-thumbnail","6":"product_cat-acessorios","7":"product_cat-equipamentos","8":"product_tag-insta360","10":"first","11":"onbackorder","12":"taxable","13":"shipping-taxable","14":"purchasable","15":"product-type-simple"},"ct_brands":[],"_links":{"self":[{"href":"https:\/\/shop.virtualhome360.pt\/es\/wp-json\/wp\/v2\/product\/2305","targetHints":{"allow":["GET"]}}],"collection":[{"href":"https:\/\/shop.virtualhome360.pt\/es\/wp-json\/wp\/v2\/product"}],"about":[{"href":"https:\/\/shop.virtualhome360.pt\/es\/wp-json\/wp\/v2\/types\/product"}],"wp:featuredmedia":[{"embeddable":true,"href":"https:\/\/shop.virtualhome360.pt\/es\/wp-json\/wp\/v2\/media\/2333"}],"wp:attachment":[{"href":"https:\/\/shop.virtualhome360.pt\/es\/wp-json\/wp\/v2\/media?parent=2305"}],"wp:term":[{"taxonomy":"product_brand","embeddable":true,"href":"https:\/\/shop.virtualhome360.pt\/es\/wp-json\/wp\/v2\/product_brand?post=2305"},{"taxonomy":"product_cat","embeddable":true,"href":"https:\/\/shop.virtualhome360.pt\/es\/wp-json\/wp\/v2\/product_cat?post=2305"},{"taxonomy":"product_tag","embeddable":true,"href":"https:\/\/shop.virtualhome360.pt\/es\/wp-json\/wp\/v2\/product_tag?post=2305"}],"curies":[{"name":"wp","href":"https:\/\/api.w.org\/{rel}","templated":true}]}}