{"id":2336,"date":"2024-12-03T17:22:12","date_gmt":"2024-12-03T16:22:12","guid":{"rendered":"https:\/\/loja.virtualhome360.pt\/?post_type=product&#038;p=2336"},"modified":"2025-02-06T11:23:07","modified_gmt":"2025-02-06T10:23:07","slug":"insta360-2-in-1-invisible-sticktripod","status":"publish","type":"product","link":"https:\/\/shop.virtualhome360.pt\/es\/product\/insta360-2-in-1-invisible-sticktripod\/","title":{"rendered":"Insta360 2-en-1 Palillo invisible + tr\u00edpode"},"content":{"rendered":"<p>Eliminado autom\u00e1ticamente en fotos 360 para darle \u00e1ngulos imposibles y sin obst\u00e1culos.<br \/>\nCombina bien con su equipo: Conjuntos de tornillo est\u00e1ndar de 1\/4\u2032\u2032 con facilidad.<\/p>\n<p><strong>Longitud cerrada: <\/strong>24 cm<br \/>\n<strong>Longitud extendida: <\/strong>105 cm<\/p>","protected":false},"excerpt":{"rendered":"<p>Utilice como un palo de selfie invisible o doble el tr\u00edpode incorporado para montar y disparar.<\/p>","protected":false},"featured_media":2343,"template":"","meta":[],"product_brand":[],"product_cat":[131,38],"product_tag":[118],"class_list":{"0":"post-2336","1":"product","2":"type-product","3":"status-publish","4":"has-post-thumbnail","6":"product_cat-acessorios","7":"product_cat-equipamentos","8":"product_tag-insta360","10":"first","11":"onbackorder","12":"taxable","13":"shipping-taxable","14":"purchasable","15":"product-type-simple"},"ct_brands":[],"_links":{"self":[{"href":"https:\/\/shop.virtualhome360.pt\/es\/wp-json\/wp\/v2\/product\/2336","targetHints":{"allow":["GET"]}}],"collection":[{"href":"https:\/\/shop.virtualhome360.pt\/es\/wp-json\/wp\/v2\/product"}],"about":[{"href":"https:\/\/shop.virtualhome360.pt\/es\/wp-json\/wp\/v2\/types\/product"}],"wp:featuredmedia":[{"embeddable":true,"href":"https:\/\/shop.virtualhome360.pt\/es\/wp-json\/wp\/v2\/media\/2343"}],"wp:attachment":[{"href":"https:\/\/shop.virtualhome360.pt\/es\/wp-json\/wp\/v2\/media?parent=2336"}],"wp:term":[{"taxonomy":"product_brand","embeddable":true,"href":"https:\/\/shop.virtualhome360.pt\/es\/wp-json\/wp\/v2\/product_brand?post=2336"},{"taxonomy":"product_cat","embeddable":true,"href":"https:\/\/shop.virtualhome360.pt\/es\/wp-json\/wp\/v2\/product_cat?post=2336"},{"taxonomy":"product_tag","embeddable":true,"href":"https:\/\/shop.virtualhome360.pt\/es\/wp-json\/wp\/v2\/product_tag?post=2336"}],"curies":[{"name":"wp","href":"https:\/\/api.w.org\/{rel}","templated":true}]}}