{"id":2394,"date":"2024-12-04T11:10:56","date_gmt":"2024-12-04T10:10:56","guid":{"rendered":"https:\/\/loja.virtualhome360.pt\/?post_type=product&#038;p=2394"},"modified":"2025-02-06T11:23:06","modified_gmt":"2025-02-06T10:23:06","slug":"insta360-x4-battery","status":"publish","type":"product","link":"https:\/\/shop.virtualhome360.pt\/es\/product\/insta360-x4-battery\/","title":{"rendered":"bater\u00eda Insta360 X4"},"content":{"rendered":"<p>Hecho para Insta360 X4.<\/p>\n<p>Bater\u00eda de gran capacidad de 2290mAh, m\u00e1s 27% que la generaci\u00f3n anterior.<\/p>\n<p>Aumente la duraci\u00f3n de la bater\u00eda hasta 67%, permitiendo 135 minutos de grabaci\u00f3n a 5,7K30fps.<\/p>\n<p>Funciona bien a temperaturas tan bajas como -20 \u00b0 C (-4 \u00b0 F), sin impacto en el rendimiento.<\/p>","protected":false},"excerpt":{"rendered":"<p>Bater\u00eda para Insta360 X4<\/p>","protected":false},"featured_media":2401,"template":"","meta":[],"product_brand":[],"product_cat":[131,38],"product_tag":[118],"class_list":{"0":"post-2394","1":"product","2":"type-product","3":"status-publish","4":"has-post-thumbnail","6":"product_cat-acessorios","7":"product_cat-equipamentos","8":"product_tag-insta360","10":"first","11":"onbackorder","12":"taxable","13":"shipping-taxable","14":"purchasable","15":"product-type-simple"},"ct_brands":[],"_links":{"self":[{"href":"https:\/\/shop.virtualhome360.pt\/es\/wp-json\/wp\/v2\/product\/2394","targetHints":{"allow":["GET"]}}],"collection":[{"href":"https:\/\/shop.virtualhome360.pt\/es\/wp-json\/wp\/v2\/product"}],"about":[{"href":"https:\/\/shop.virtualhome360.pt\/es\/wp-json\/wp\/v2\/types\/product"}],"wp:featuredmedia":[{"embeddable":true,"href":"https:\/\/shop.virtualhome360.pt\/es\/wp-json\/wp\/v2\/media\/2401"}],"wp:attachment":[{"href":"https:\/\/shop.virtualhome360.pt\/es\/wp-json\/wp\/v2\/media?parent=2394"}],"wp:term":[{"taxonomy":"product_brand","embeddable":true,"href":"https:\/\/shop.virtualhome360.pt\/es\/wp-json\/wp\/v2\/product_brand?post=2394"},{"taxonomy":"product_cat","embeddable":true,"href":"https:\/\/shop.virtualhome360.pt\/es\/wp-json\/wp\/v2\/product_cat?post=2394"},{"taxonomy":"product_tag","embeddable":true,"href":"https:\/\/shop.virtualhome360.pt\/es\/wp-json\/wp\/v2\/product_tag?post=2394"}],"curies":[{"name":"wp","href":"https:\/\/api.w.org\/{rel}","templated":true}]}}