{"id":2444,"date":"2024-12-04T12:39:11","date_gmt":"2024-12-04T11:39:11","guid":{"rendered":"https:\/\/loja.virtualhome360.pt\/?post_type=product&#038;p=2444"},"modified":"2025-04-14T15:34:50","modified_gmt":"2025-04-14T14:34:50","slug":"drone-autel-pro-ii","status":"publish","type":"product","link":"https:\/\/shop.virtualhome360.pt\/es\/product\/drone-autel-pro-ii\/","title":{"rendered":"Drone \u2013 AUTEL \u2013 Pro II"},"content":{"rendered":"<p>El Autel EVO II Pro V3 con el nuevo sensor de imagen CMOS de 1 pulgada de 20 megap\u00edxeles de Sony admite una resoluci\u00f3n de v\u00eddeo de hasta 6K con un mayor rango din\u00e1mico, una supresi\u00f3n de ruido m\u00e1s fuerte y velocidades de fotogramas m\u00e1s altas. Obtenga \u00e9xito en la fotograf\u00eda nocturna con el CMOS de 1\u2032\u2032 con resoluci\u00f3n 6K del EVO II Pro V3 y el algoritmo Moonlight Autel Robotics 2.0.<\/p>\n<p><strong>El nuevo 1\u2032\u2032 6K CMOS<\/strong><\/p>\n<p>Vea m\u00e1s claramente con el nuevo sensor de imagen CMOS de 20 megap\u00edxeles y 1 pulgada de Sony. El EVO II Pro V3 admite video 6K con una supresi\u00f3n de ruido m\u00e1s fuerte y velocidades de fotogramas m\u00e1s altas.<\/p>\n<p>Sensor CMOS de 1 pulgada<\/p>\n<p>Fotos con 20MP<\/p>\n<p>V\u00eddeo 6k\/30FPS<\/p>\n<p>Apertura de f\/2.8 ~ f\/11<\/p>\n<p><strong>Excelencia en Baja Luz<\/strong><\/p>\n<p>EVO II Pro V3 te trae el algoritmo lunar 2.0 de Autel para una reducci\u00f3n de ruido adicional. Junto con su CMOS mejorado, los pilotos pueden proporcionar soporte en operaciones con iluminaci\u00f3n m\u00ednima o por la noche.<\/p>\n<p>&nbsp;<\/p>\n<p>&nbsp;<\/p>","protected":false},"excerpt":{"rendered":"<p>Drone - AUTEL EVO II Pro Rugged Bundle V3<\/p>","protected":false},"featured_media":2454,"template":"","meta":[],"product_brand":[],"product_cat":[137,38],"product_tag":[132],"class_list":{"0":"post-2444","1":"product","2":"type-product","3":"status-publish","4":"has-post-thumbnail","6":"product_cat-drone","7":"product_cat-equipamentos","8":"product_tag-autel","10":"first","11":"onbackorder","12":"taxable","13":"shipping-taxable","14":"product-type-simple"},"ct_brands":[],"_links":{"self":[{"href":"https:\/\/shop.virtualhome360.pt\/es\/wp-json\/wp\/v2\/product\/2444","targetHints":{"allow":["GET"]}}],"collection":[{"href":"https:\/\/shop.virtualhome360.pt\/es\/wp-json\/wp\/v2\/product"}],"about":[{"href":"https:\/\/shop.virtualhome360.pt\/es\/wp-json\/wp\/v2\/types\/product"}],"wp:featuredmedia":[{"embeddable":true,"href":"https:\/\/shop.virtualhome360.pt\/es\/wp-json\/wp\/v2\/media\/2454"}],"wp:attachment":[{"href":"https:\/\/shop.virtualhome360.pt\/es\/wp-json\/wp\/v2\/media?parent=2444"}],"wp:term":[{"taxonomy":"product_brand","embeddable":true,"href":"https:\/\/shop.virtualhome360.pt\/es\/wp-json\/wp\/v2\/product_brand?post=2444"},{"taxonomy":"product_cat","embeddable":true,"href":"https:\/\/shop.virtualhome360.pt\/es\/wp-json\/wp\/v2\/product_cat?post=2444"},{"taxonomy":"product_tag","embeddable":true,"href":"https:\/\/shop.virtualhome360.pt\/es\/wp-json\/wp\/v2\/product_tag?post=2444"}],"curies":[{"name":"wp","href":"https:\/\/api.w.org\/{rel}","templated":true}]}}