{"id":2460,"date":"2024-12-04T12:44:57","date_gmt":"2024-12-04T11:44:57","guid":{"rendered":"https:\/\/loja.virtualhome360.pt\/?post_type=product&#038;p=2460"},"modified":"2025-02-06T11:22:11","modified_gmt":"2025-02-06T10:22:11","slug":"autel-evo-estojo-rigido","status":"publish","type":"product","link":"https:\/\/shop.virtualhome360.pt\/es\/product\/autel-evo-estojo-rigido\/","title":{"rendered":"AUTEL Estuche r\u00edgido para Drone Evo II"},"content":{"rendered":"<p>Proteja su EVO II y sus accesorios para entornos hostiles con la robusta tapa dura Autel Robotics EVO II. Este robusto estuche EVO II (clasificado IP67) cuenta con un revestimiento externo r\u00edgido, una v\u00e1lvula de ecualizaci\u00f3n autom\u00e1tica de presi\u00f3n incorporada y un anillo de sellado para mantener todo el interior protegido del agua y el polvo.<\/p>\n<p>Este estuche r\u00edgido de grado militar EVO II con un inserto de espuma personalizado, dise\u00f1ado espec\u00edficamente para la serie EVO II, se adapta a su avi\u00f3n y accesorios. Cada compartimiento de inserci\u00f3n est\u00e1 dise\u00f1ado espec\u00edficamente para contener el dron EVO II, el centro de carga, el controlador, las bater\u00edas y m\u00e1s.<\/p>","protected":false},"excerpt":{"rendered":"<p>Carcasa dura robusta EVO II<\/p>","protected":false},"featured_media":2467,"template":"","meta":[],"product_brand":[],"product_cat":[131,38],"product_tag":[132],"class_list":{"0":"post-2460","1":"product","2":"type-product","3":"status-publish","4":"has-post-thumbnail","6":"product_cat-acessorios","7":"product_cat-equipamentos","8":"product_tag-autel","10":"first","11":"onbackorder","12":"taxable","13":"shipping-taxable","14":"purchasable","15":"product-type-simple"},"ct_brands":[],"_links":{"self":[{"href":"https:\/\/shop.virtualhome360.pt\/es\/wp-json\/wp\/v2\/product\/2460","targetHints":{"allow":["GET"]}}],"collection":[{"href":"https:\/\/shop.virtualhome360.pt\/es\/wp-json\/wp\/v2\/product"}],"about":[{"href":"https:\/\/shop.virtualhome360.pt\/es\/wp-json\/wp\/v2\/types\/product"}],"wp:featuredmedia":[{"embeddable":true,"href":"https:\/\/shop.virtualhome360.pt\/es\/wp-json\/wp\/v2\/media\/2467"}],"wp:attachment":[{"href":"https:\/\/shop.virtualhome360.pt\/es\/wp-json\/wp\/v2\/media?parent=2460"}],"wp:term":[{"taxonomy":"product_brand","embeddable":true,"href":"https:\/\/shop.virtualhome360.pt\/es\/wp-json\/wp\/v2\/product_brand?post=2460"},{"taxonomy":"product_cat","embeddable":true,"href":"https:\/\/shop.virtualhome360.pt\/es\/wp-json\/wp\/v2\/product_cat?post=2460"},{"taxonomy":"product_tag","embeddable":true,"href":"https:\/\/shop.virtualhome360.pt\/es\/wp-json\/wp\/v2\/product_tag?post=2460"}],"curies":[{"name":"wp","href":"https:\/\/api.w.org\/{rel}","templated":true}]}}