{"id":2470,"date":"2024-12-04T12:48:44","date_gmt":"2024-12-04T11:48:44","guid":{"rendered":"https:\/\/loja.virtualhome360.pt\/?post_type=product&#038;p=2470"},"modified":"2025-02-06T11:22:11","modified_gmt":"2025-02-06T10:22:11","slug":"autel-conjunto-de-filtros","status":"publish","type":"product","link":"https:\/\/shop.virtualhome360.pt\/es\/product\/autel-conjunto-de-filtros\/","title":{"rendered":"Juego de filtros AUTEL para EVO II\/Pro"},"content":{"rendered":"<p>Este conjunto de filtros ND (densidad neutra) para la serie EVO II de Autel Robotics est\u00e1 dise\u00f1ado para ayudarle a gestionar la exposici\u00f3n a EVO II y llevar sus habilidades fotogr\u00e1ficas al siguiente nivel.<\/p>\n<p>Estos filtros de densidad neutra de 4 paquetes (ND4, ND8, ND16, ND32) son compatibles con precisi\u00f3n con la c\u00e1mara EVO II\/Pro y est\u00e1n dise\u00f1ados para reducir la cantidad de luz que entra en el objetivo, lo que le brinda m\u00e1s control en una variedad de condiciones de iluminaci\u00f3n.<\/p>\n<p>ND4: Reduce la cantidad de luz que entra en la lente en 2 puntos. Ideal para capturar im\u00e1genes n\u00edtidas durante los d\u00edas nublados.<\/p>\n<p>ND8: Reduce la cantidad de luz que entra en la lente en 3 puntos. Opci\u00f3n ideal para d\u00edas ligeramente nublados.<\/p>\n<p>ND16: Reduce la cantidad de luz que entra en la lente en 4 puntos. Ideal para disparar en condiciones normales de luz diurna brillante.<\/p>\n<p>ND32: Reduce la luz que entra en la lente en 5 puntos; Ideal para disparar en condiciones extremadamente brillantes y soleadas.<\/p>","protected":false},"excerpt":{"rendered":"<p>Conjunto de filtros de densidad neutra<\/p>","protected":false},"featured_media":2477,"template":"","meta":[],"product_brand":[],"product_cat":[131,38],"product_tag":[132],"class_list":{"0":"post-2470","1":"product","2":"type-product","3":"status-publish","4":"has-post-thumbnail","6":"product_cat-acessorios","7":"product_cat-equipamentos","8":"product_tag-autel","10":"first","11":"onbackorder","12":"taxable","13":"shipping-taxable","14":"purchasable","15":"product-type-simple"},"ct_brands":[],"_links":{"self":[{"href":"https:\/\/shop.virtualhome360.pt\/es\/wp-json\/wp\/v2\/product\/2470","targetHints":{"allow":["GET"]}}],"collection":[{"href":"https:\/\/shop.virtualhome360.pt\/es\/wp-json\/wp\/v2\/product"}],"about":[{"href":"https:\/\/shop.virtualhome360.pt\/es\/wp-json\/wp\/v2\/types\/product"}],"wp:featuredmedia":[{"embeddable":true,"href":"https:\/\/shop.virtualhome360.pt\/es\/wp-json\/wp\/v2\/media\/2477"}],"wp:attachment":[{"href":"https:\/\/shop.virtualhome360.pt\/es\/wp-json\/wp\/v2\/media?parent=2470"}],"wp:term":[{"taxonomy":"product_brand","embeddable":true,"href":"https:\/\/shop.virtualhome360.pt\/es\/wp-json\/wp\/v2\/product_brand?post=2470"},{"taxonomy":"product_cat","embeddable":true,"href":"https:\/\/shop.virtualhome360.pt\/es\/wp-json\/wp\/v2\/product_cat?post=2470"},{"taxonomy":"product_tag","embeddable":true,"href":"https:\/\/shop.virtualhome360.pt\/es\/wp-json\/wp\/v2\/product_tag?post=2470"}],"curies":[{"name":"wp","href":"https:\/\/api.w.org\/{rel}","templated":true}]}}