{"id":2480,"date":"2024-12-04T12:52:13","date_gmt":"2024-12-04T11:52:13","guid":{"rendered":"https:\/\/loja.virtualhome360.pt\/?post_type=product&#038;p=2480"},"modified":"2025-02-06T11:21:19","modified_gmt":"2025-02-06T10:21:19","slug":"kit-limpeza-dslr-pro","status":"publish","type":"product","link":"https:\/\/shop.virtualhome360.pt\/es\/product\/kit-limpeza-dslr-pro\/","title":{"rendered":"KIT LIMPEZA DSLR PRO"},"content":{"rendered":"<p>El kit LensPen DSLR Pro contiene todo lo que un fot\u00f3grafo necesita para mantener limpias las lentes, pantallas y filtros de su c\u00e1mara.<\/p>\n<p>Este kit de fotos DSLR incluye:<\/p>\n<ul>\n<li>LensPen original para lentes DSLR: LensPen de tama\u00f1o completo con una punta de limpieza c\u00f3ncava para que coincida con la forma ligeramente convexa de una lente de c\u00e1mara<\/li>\n<li>FilterKlear para filtros de lentes: pluma de tama\u00f1o completo con una punta de limpieza completamente plana para que coincida con cualquier filtro de tama\u00f1o<br \/>\nMicroPro para pantallas: nuestro bol\u00edgrafo m\u00e1s peque\u00f1o para limpiar cualquier pantalla, sensor u otra \u00f3ptica o superficie peque\u00f1a<\/li>\n<li>El kit DSLR tambi\u00e9n incluye una pr\u00e1ctica bolsa de transporte de microfibra que act\u00faa como un pa\u00f1o de limpieza para pr\u00e1cticamente todas las dem\u00e1s aplicaciones de limpieza.<\/li>\n<\/ul>","protected":false},"excerpt":{"rendered":"<p>Kit de lentes de c\u00e1mara, pantallas y filtros.<\/p>","protected":false},"featured_media":2490,"template":"","meta":[],"product_brand":[],"product_cat":[131,38],"product_tag":[133],"class_list":{"0":"post-2480","1":"product","2":"type-product","3":"status-publish","4":"has-post-thumbnail","6":"product_cat-acessorios","7":"product_cat-equipamentos","8":"product_tag-kit","10":"first","11":"onbackorder","12":"taxable","13":"shipping-taxable","14":"purchasable","15":"product-type-simple"},"ct_brands":[],"_links":{"self":[{"href":"https:\/\/shop.virtualhome360.pt\/es\/wp-json\/wp\/v2\/product\/2480","targetHints":{"allow":["GET"]}}],"collection":[{"href":"https:\/\/shop.virtualhome360.pt\/es\/wp-json\/wp\/v2\/product"}],"about":[{"href":"https:\/\/shop.virtualhome360.pt\/es\/wp-json\/wp\/v2\/types\/product"}],"wp:featuredmedia":[{"embeddable":true,"href":"https:\/\/shop.virtualhome360.pt\/es\/wp-json\/wp\/v2\/media\/2490"}],"wp:attachment":[{"href":"https:\/\/shop.virtualhome360.pt\/es\/wp-json\/wp\/v2\/media?parent=2480"}],"wp:term":[{"taxonomy":"product_brand","embeddable":true,"href":"https:\/\/shop.virtualhome360.pt\/es\/wp-json\/wp\/v2\/product_brand?post=2480"},{"taxonomy":"product_cat","embeddable":true,"href":"https:\/\/shop.virtualhome360.pt\/es\/wp-json\/wp\/v2\/product_cat?post=2480"},{"taxonomy":"product_tag","embeddable":true,"href":"https:\/\/shop.virtualhome360.pt\/es\/wp-json\/wp\/v2\/product_tag?post=2480"}],"curies":[{"name":"wp","href":"https:\/\/api.w.org\/{rel}","templated":true}]}}