{"id":2573,"date":"2024-12-18T11:39:46","date_gmt":"2024-12-18T10:39:46","guid":{"rendered":"https:\/\/loja.virtualhome360.pt\/?post_type=product&#038;p=2573"},"modified":"2024-12-18T11:39:46","modified_gmt":"2024-12-18T10:39:46","slug":"suporte-telemovel-ulanzi-cg01","status":"publish","type":"product","link":"https:\/\/shop.virtualhome360.pt\/es\/product\/suporte-telemovel-ulanzi-cg01\/","title":{"rendered":"Ulanzi CG01 Soporte de tel\u00e9fono m\u00f3vil"},"content":{"rendered":"<ul>\n<li>Grabaciones y fotos m\u00e1s estables con su tel\u00e9fono m\u00f3vil;<\/li>\n<li>Dise\u00f1o dise\u00f1ado para sostener con una mano y obtener sensaci\u00f3n de c\u00e1mara;<\/li>\n<li>Control remoto magn\u00e9tico Bluetooth con alcance de hasta 30 metros;<\/li>\n<li>Espejo redondo magn\u00e9tico incorporado para retoques de maquillaje en cualquier momento;<\/li>\n<li>CapGrip se puede equipar con luces, micr\u00f3fonos y otros equipos.<\/li>\n<\/ul>\n<p>Adecuado para tel\u00e9fonos m\u00f3viles desde 4.7 pulgadas.<\/p>","protected":false},"excerpt":{"rendered":"<p>Grabaciones y fotos m\u00e1s estables con tu tel\u00e9fono. Convierte tu tel\u00e9fono en una c\u00e1mara.<\/p>","protected":false},"featured_media":2555,"template":"","meta":[],"product_brand":[],"product_cat":[131,38],"product_tag":[138],"class_list":{"0":"post-2573","1":"product","2":"type-product","3":"status-publish","4":"has-post-thumbnail","6":"product_cat-acessorios","7":"product_cat-equipamentos","8":"product_tag-ulanzi","10":"first","11":"instock","12":"taxable","13":"shipping-taxable","14":"purchasable","15":"product-type-simple"},"ct_brands":[],"_links":{"self":[{"href":"https:\/\/shop.virtualhome360.pt\/es\/wp-json\/wp\/v2\/product\/2573","targetHints":{"allow":["GET"]}}],"collection":[{"href":"https:\/\/shop.virtualhome360.pt\/es\/wp-json\/wp\/v2\/product"}],"about":[{"href":"https:\/\/shop.virtualhome360.pt\/es\/wp-json\/wp\/v2\/types\/product"}],"wp:featuredmedia":[{"embeddable":true,"href":"https:\/\/shop.virtualhome360.pt\/es\/wp-json\/wp\/v2\/media\/2555"}],"wp:attachment":[{"href":"https:\/\/shop.virtualhome360.pt\/es\/wp-json\/wp\/v2\/media?parent=2573"}],"wp:term":[{"taxonomy":"product_brand","embeddable":true,"href":"https:\/\/shop.virtualhome360.pt\/es\/wp-json\/wp\/v2\/product_brand?post=2573"},{"taxonomy":"product_cat","embeddable":true,"href":"https:\/\/shop.virtualhome360.pt\/es\/wp-json\/wp\/v2\/product_cat?post=2573"},{"taxonomy":"product_tag","embeddable":true,"href":"https:\/\/shop.virtualhome360.pt\/es\/wp-json\/wp\/v2\/product_tag?post=2573"}],"curies":[{"name":"wp","href":"https:\/\/api.w.org\/{rel}","templated":true}]}}