{"id":2582,"date":"2024-12-18T11:52:31","date_gmt":"2024-12-18T10:52:31","guid":{"rendered":"https:\/\/loja.virtualhome360.pt\/?post_type=product&#038;p=2582"},"modified":"2024-12-18T15:14:29","modified_gmt":"2024-12-18T14:14:29","slug":"suporte-telemovel-ulanzi-ma35","status":"publish","type":"product","link":"https:\/\/shop.virtualhome360.pt\/es\/product\/suporte-telemovel-ulanzi-ma35\/","title":{"rendered":"Titular del tel\u00e9fono m\u00f3vil Ulanzi MA35"},"content":{"rendered":"<p>El disparador y la manija de la c\u00e1mara del tel\u00e9fono inteligente Ulanzi MA35 MagSafe Bluetooth es compatible con los tel\u00e9fonos inteligentes iOS y Android. Gracias a la conexi\u00f3n magn\u00e9tica y al clip del tel\u00e9fono, este equipo transforma su tel\u00e9fono en una c\u00e1mara de calidad profesional. El mango ergon\u00f3mico proporciona una textura c\u00f3moda para la mano y el obturador controlado a distancia permite disparar a distancia.<\/p>","protected":false},"excerpt":{"rendered":"<p>Grabaciones y fotos m\u00e1s estables con tu tel\u00e9fono. Convierte tu tel\u00e9fono en una c\u00e1mara.<\/p>","protected":false},"featured_media":2561,"template":"","meta":[],"product_brand":[],"product_cat":[131,38],"product_tag":[138],"class_list":{"0":"post-2582","1":"product","2":"type-product","3":"status-publish","4":"has-post-thumbnail","6":"product_cat-acessorios","7":"product_cat-equipamentos","8":"product_tag-ulanzi","10":"first","11":"instock","12":"taxable","13":"shipping-taxable","14":"purchasable","15":"product-type-simple"},"ct_brands":[],"_links":{"self":[{"href":"https:\/\/shop.virtualhome360.pt\/es\/wp-json\/wp\/v2\/product\/2582","targetHints":{"allow":["GET"]}}],"collection":[{"href":"https:\/\/shop.virtualhome360.pt\/es\/wp-json\/wp\/v2\/product"}],"about":[{"href":"https:\/\/shop.virtualhome360.pt\/es\/wp-json\/wp\/v2\/types\/product"}],"wp:featuredmedia":[{"embeddable":true,"href":"https:\/\/shop.virtualhome360.pt\/es\/wp-json\/wp\/v2\/media\/2561"}],"wp:attachment":[{"href":"https:\/\/shop.virtualhome360.pt\/es\/wp-json\/wp\/v2\/media?parent=2582"}],"wp:term":[{"taxonomy":"product_brand","embeddable":true,"href":"https:\/\/shop.virtualhome360.pt\/es\/wp-json\/wp\/v2\/product_brand?post=2582"},{"taxonomy":"product_cat","embeddable":true,"href":"https:\/\/shop.virtualhome360.pt\/es\/wp-json\/wp\/v2\/product_cat?post=2582"},{"taxonomy":"product_tag","embeddable":true,"href":"https:\/\/shop.virtualhome360.pt\/es\/wp-json\/wp\/v2\/product_tag?post=2582"}],"curies":[{"name":"wp","href":"https:\/\/api.w.org\/{rel}","templated":true}]}}