{"id":2835,"date":"2025-04-23T11:29:31","date_gmt":"2025-04-23T10:29:31","guid":{"rendered":"https:\/\/loja.virtualhome360.pt\/?post_type=product&#038;p=2835"},"modified":"2026-01-21T18:12:53","modified_gmt":"2026-01-21T17:12:53","slug":"insta360-x5","status":"publish","type":"product","link":"https:\/\/shop.virtualhome360.pt\/es\/product\/insta360-x5\/","title":{"rendered":"Insta360 X5"},"content":{"rendered":"<p><strong>Video 360\u00b0 en 8K30fps y 1\/1.28\u2032\u2032 sensores dobles<\/strong><\/p>\n<p>Los nuevos sensores de m\u00e1s de 1\/1,28\u2032\u2032 capturan m\u00e1s luz que la Insta360 X4 para una claridad excepcional, incluso en condiciones de poca luz, y admiten 13,5 paradas de banda din\u00e1mica y un tama\u00f1o de p\u00edxel equivalente a 2,4 \u03bcm para im\u00e1genes de calidad profesional. Los colores vibrantes y los detalles n\u00edtidos dan vida a cada cuadro para una experiencia visual extraordinaria, incluso cuando se magnifica o recorta durante la postproducci\u00f3n.<\/p>\n<p><strong>Triple Chip AI para 360\u00b0 PureVideo<\/strong><\/p>\n<p>Por primera vez, una c\u00e1mara de 360\u00b0 est\u00e1 equipada con tres chips AI para un aumento de 140% en potencia inform\u00e1tica general. Dos chips de imagen Pro dedicados mejoran la calidad con poca luz y reducen el ruido para obtener im\u00e1genes m\u00e1s limpias, y un chip AI de 5 nm ofrece un procesamiento de imagen potente, una velocidad de imagen m\u00e1s r\u00e1pida y una calidad mejorada. Combinado con el modo de disparo con poca luz dedicado de PureVideo para una reducci\u00f3n avanzada del ruido de la IA y un rango din\u00e1mico optimizado, el X5 ofrece im\u00e1genes claras y v\u00edvidas independientemente de la iluminaci\u00f3n. Ya sea un tour nocturno o explorar la ciudad despu\u00e9s del anochecer, espere una calidad impresionante en cada fotograma.<\/p>\n<p><strong>Grabar primero, marco m\u00e1s tarde<\/strong><\/p>\n<p>Con un v\u00eddeo de 360\u00b0 que captura todo lo que te rodea, solo tienes que pulsar el bot\u00f3n de grabaci\u00f3n, encontrar tu enfoque y elegir los mejores \u00e1ngulos m\u00e1s adelante con las herramientas de reencuadre basadas en IA de la aplicaci\u00f3n Insta360. A diferencia de las c\u00e1maras normales que requieren m\u00faltiples tomas, posiciones o dispositivos para filmar diferentes perspectivas, la X5 agrupa todos los \u00e1ngulos posibles en una sola toma, \u00a1una configuraci\u00f3n multic\u00e1mara en una sola!<\/p>\n<p><strong>Efecto de Selfie Stick Invisible<\/strong><\/p>\n<p>\u00bfNing\u00fan dron? \u00a1No hay problema! La Varita Selfie Invisible desaparece por completo de las im\u00e1genes de 360 \u00b0 para obtener \u00e1ngulos \u00e9picos en tercera persona, acompa\u00f1amiento tipo dron y vistas ic\u00f3nicas.<\/p>\n<p><strong>Lentes reemplazables<\/strong><\/p>\n<p>Un revestimiento ultrarresistente hace que las lentes X5 sean las m\u00e1s duraderas de todas, pero si las da\u00f1a, el dise\u00f1o revolucionario de las lentes reemplazables significa que puede reemplazar las lentes da\u00f1adas por otras nuevas con el kit de reemplazo f\u00e1cil de usar. Sin preocupaciones por rascarse, sin esperar reparaciones, sin limitaciones.<\/p>\n<p><strong>Modo InstaFrame<\/strong><\/p>\n<p>La mejor manera de filmar y compartir. Elija entre una vista fija que sigue una direcci\u00f3n consistente o una vista selfie que lo mantiene encuadrado durante todo el video y obtenga un video plano perfectamente encuadrado e instant\u00e1neamente compartible sin la necesidad de editar o reencuadrar. Al mismo tiempo, tambi\u00e9n graba un video completo de 360 \u00b0, lo que le permite reencuadrar, editar y encontrar esos momentos inesperados.<\/p>\n<p><strong>185 minutos de duraci\u00f3n de la bater\u00eda y carga r\u00e1pida<\/strong><\/p>\n<p>La nueva bater\u00eda de 2400mAh ofrece hasta 185 minutos de grabaci\u00f3n a 5.7K24fps en el modo de ahorro de energ\u00eda inteligente Endurance, un aumento de 37% en comparaci\u00f3n con X4. Adem\u00e1s, Quick Loading te lleva a 80% en solo 20 minutos, para que pueda volver a la acci\u00f3n r\u00e1pidamente.<\/p>","protected":false},"excerpt":{"rendered":"<p><strong>X5 es la nueva c\u00e1mara 360o de Insta360<\/strong><\/p>\n<p>Con v\u00eddeo de 360\u00b0 en 8K y rendimiento mejorado en condiciones de poca luz para disparar en todos los \u00e1ngulos durante todo el d\u00eda.<br \/>\nEl audio mejorado, la duraci\u00f3n de la bater\u00eda de 180 minutos y las lentes reemplazables por el usuario la convierten en la c\u00e1mara de 360\u00b0 m\u00e1s duradera hasta el momento.<br \/>\nUn nuevo modo captura videos planos y de 360\u00b0 simult\u00e1neamente, instant\u00e1neamente en mp4 para compartir, adem\u00e1s de im\u00e1genes de 360\u00b0 para enmarcar m\u00e1s tarde. El X5 es un cl\u00e1sico instant\u00e1neo, perfecto para la acci\u00f3n, la creaci\u00f3n de contenido y la vida cotidiana.<\/p>","protected":false},"featured_media":2839,"template":"","meta":[],"product_brand":[149],"product_cat":[134,38],"product_tag":[118],"class_list":{"0":"post-2835","1":"product","2":"type-product","3":"status-publish","4":"has-post-thumbnail","6":"product_brand-insta360","7":"product_cat-camaras","8":"product_cat-equipamentos","9":"product_tag-insta360","10":"product_shipping_class-regular-pt-pt","12":"first","13":"onbackorder","14":"taxable","15":"shipping-taxable","16":"purchasable","17":"product-type-simple"},"ct_brands":[{"id":149,"name":"Insta360","slug":"insta360"}],"_links":{"self":[{"href":"https:\/\/shop.virtualhome360.pt\/es\/wp-json\/wp\/v2\/product\/2835","targetHints":{"allow":["GET"]}}],"collection":[{"href":"https:\/\/shop.virtualhome360.pt\/es\/wp-json\/wp\/v2\/product"}],"about":[{"href":"https:\/\/shop.virtualhome360.pt\/es\/wp-json\/wp\/v2\/types\/product"}],"wp:featuredmedia":[{"embeddable":true,"href":"https:\/\/shop.virtualhome360.pt\/es\/wp-json\/wp\/v2\/media\/2839"}],"wp:attachment":[{"href":"https:\/\/shop.virtualhome360.pt\/es\/wp-json\/wp\/v2\/media?parent=2835"}],"wp:term":[{"taxonomy":"product_brand","embeddable":true,"href":"https:\/\/shop.virtualhome360.pt\/es\/wp-json\/wp\/v2\/product_brand?post=2835"},{"taxonomy":"product_cat","embeddable":true,"href":"https:\/\/shop.virtualhome360.pt\/es\/wp-json\/wp\/v2\/product_cat?post=2835"},{"taxonomy":"product_tag","embeddable":true,"href":"https:\/\/shop.virtualhome360.pt\/es\/wp-json\/wp\/v2\/product_tag?post=2835"}],"curies":[{"name":"wp","href":"https:\/\/api.w.org\/{rel}","templated":true}]}}