{"id":3012,"date":"2025-08-25T11:06:19","date_gmt":"2025-08-25T10:06:19","guid":{"rendered":"https:\/\/loja.virtualhome360.pt\/product\/aisens-tripe-3-em-1-para-selfie-stick-com-controlo-remoto-bluetooth\/"},"modified":"2026-01-19T16:49:44","modified_gmt":"2026-01-19T15:49:44","slug":"aisens-tripe-3-em-1-para-selfie-stick-com-controlo-remoto-bluetooth","status":"publish","type":"product","link":"https:\/\/shop.virtualhome360.pt\/es\/product\/aisens-tripe-3-em-1-para-selfie-stick-com-controlo-remoto-bluetooth\/","title":{"rendered":"Tr\u00edpode AISENS 3 en 1 para Selfie Stick con control remoto Bluetooth"},"content":{"rendered":"<ul>\n<li>Tr\u00edpode 3 en 1 para selfies con control remoto Bluetooth.<\/li>\n<li>Mayor versatilidad de uso: El nuevo tr\u00edpode Selfie Stick ofrece una versatilidad sin igual, que sirve como tr\u00edpode extensible, palo selfie, soporte para c\u00e1mara GoPro y c\u00e1maras convencionales. Su dise\u00f1o multifuncional garantiza la captura de cualquier tipo de contenido, ya sean fotos est\u00e1ticas, v\u00eddeos din\u00e1micos o selfies grupales, con facilidad y estabilidad.<\/li>\n<li>Estabilidad mejorada y equilibrio ideal: Con un innovador soporte de 3 puntos y costillas met\u00e1licas en la base, este tr\u00edpode ofrece una estabilidad excepcional.<\/li>\n<li>Funcionalidad Todo en Uno con Dise\u00f1o Ergon\u00f3mico: Su dise\u00f1o ergon\u00f3mico integra un mango giratorio de equilibrio de 360 \u00b0, lo que le permite tomar fotos panor\u00e1micas completas de 360 \u00b0 y 180 \u00b0, as\u00ed como fotos arriba y abajo con facilidad. Adem\u00e1s, el tornillo universal 1\/4 le permite equiparlo con el palo de selfie GoPro, la luz del asistente de belleza, etc., por lo que tambi\u00e9n es un tr\u00edpode de tel\u00e9fono inteligente que se puede conectar a la mayor\u00eda de las luces de anillo, c\u00e1maras, c\u00e1maras de acci\u00f3n y GoPro.<\/li>\n<li>Control remoto Bluetooth actualizado: Equipado con un control remoto Bluetooth recargable, este tr\u00edpode ofrece un control conveniente y preciso de dispositivos m\u00f3viles de hasta 10 metros de distancia. Compatible con iOS\/Android, este control remoto se puede almacenar f\u00e1cilmente en una ranura especial en el mango del selfie stick, evitando as\u00ed posibles p\u00e9rdidas.<\/li>\n<li>Dise\u00f1o telesc\u00f3pico avanzado: Gracias a su dise\u00f1o telesc\u00f3pico de 8 piezas, este tr\u00edpode se puede ajustar f\u00e1cilmente desde una altura m\u00ednima de 400 mm hasta una altura m\u00e1xima de 1650 mm, superando a muchos tr\u00edpodes similares en el mercado. La configuraci\u00f3n r\u00e1pida y f\u00e1cil le permite adaptarse r\u00e1pidamente a diferentes entornos y necesidades de disparo sin complicaciones.<\/li>\n<li>Amplia compatibilidad con dispositivos m\u00f3viles y c\u00e1maras: Con una capacidad de 4.1 a 7.2 pulgadas y un ancho de 60 a 95 mm, este tr\u00edpode es compatible con la mayor\u00eda de los dispositivos iOS \/ Android, as\u00ed como con c\u00e1maras GoPro, c\u00e1maras convencionales y otros dispositivos de grabaci\u00f3n. Ideal para usuarios de iPhone, Samsung, Xiaomi, Huawei y otros.<\/li>\n<li>Color: negro<\/li>\n<\/ul>\n<p><strong>Contenido<\/strong><\/p>\n<ul>\n<li>1 x Tr\u00edpode Selfie Stick<\/li>\n<li>1 x Control remoto Bluetooth<\/li>\n<li>1 x Manual de Instrucci\u00f3n Multiling\u00fce<\/li>\n<\/ul>","protected":false},"excerpt":{"rendered":"<ul>\n<li><span dir=\"auto\"><span class=\"\" dir=\"auto\">Mayor versatilidad: El nuevo tr\u00edpode Selfie Stick ofrece una versatilidad sin igual, que sirve como tr\u00edpode extensible, palo selfie y soporte para c\u00e1maras GoPro y c\u00e1maras convencionales. Su dise\u00f1o multifuncional garantiza la captura de cualquier tipo de contenido, ya sean fotos est\u00e1ticas, v\u00eddeos din\u00e1micos o selfies grupales, con facilidad y estabilidad.<\/span><\/span><\/li>\n<li><span dir=\"auto\">Estabilidad mejorada y equilibrio ideal: Con un innovador soporte de 3 puntos y costillas met\u00e1licas en la base, este tr\u00edpode ofrece una estabilidad excepcional.<\/span><\/li>\n<li><span dir=\"auto\">Funcionalidad Todo en Uno con Dise\u00f1o Ergon\u00f3mico: Su dise\u00f1o ergon\u00f3mico integra un mango giratorio de equilibrio de 360 \u00b0, lo que le permite tomar fotos panor\u00e1micas completas de 360 \u00b0 y 180 \u00b0, as\u00ed como fotos arriba y abajo con facilidad. Adem\u00e1s, el tornillo universal 1\/4 le permite equiparlo con el palo de selfie GoPro, la luz del asistente de belleza, etc., por lo que tambi\u00e9n es un tr\u00edpode de tel\u00e9fono inteligente que se puede conectar a la mayor\u00eda de las luces de anillo, c\u00e1maras, c\u00e1maras de acci\u00f3n y GoPro.<\/span><\/li>\n<\/ul>","protected":false},"featured_media":3001,"template":"","meta":[],"product_brand":[153],"product_cat":[131,38],"product_tag":[],"class_list":{"0":"post-3012","1":"product","2":"type-product","3":"status-publish","4":"has-post-thumbnail","6":"product_brand-aisens","7":"product_cat-acessorios","8":"product_cat-equipamentos","10":"first","11":"instock","12":"taxable","13":"shipping-taxable","14":"purchasable","15":"product-type-simple"},"ct_brands":[{"id":153,"name":"AISENS","slug":"aisens"}],"_links":{"self":[{"href":"https:\/\/shop.virtualhome360.pt\/es\/wp-json\/wp\/v2\/product\/3012","targetHints":{"allow":["GET"]}}],"collection":[{"href":"https:\/\/shop.virtualhome360.pt\/es\/wp-json\/wp\/v2\/product"}],"about":[{"href":"https:\/\/shop.virtualhome360.pt\/es\/wp-json\/wp\/v2\/types\/product"}],"wp:featuredmedia":[{"embeddable":true,"href":"https:\/\/shop.virtualhome360.pt\/es\/wp-json\/wp\/v2\/media\/3001"}],"wp:attachment":[{"href":"https:\/\/shop.virtualhome360.pt\/es\/wp-json\/wp\/v2\/media?parent=3012"}],"wp:term":[{"taxonomy":"product_brand","embeddable":true,"href":"https:\/\/shop.virtualhome360.pt\/es\/wp-json\/wp\/v2\/product_brand?post=3012"},{"taxonomy":"product_cat","embeddable":true,"href":"https:\/\/shop.virtualhome360.pt\/es\/wp-json\/wp\/v2\/product_cat?post=3012"},{"taxonomy":"product_tag","embeddable":true,"href":"https:\/\/shop.virtualhome360.pt\/es\/wp-json\/wp\/v2\/product_tag?post=3012"}],"curies":[{"name":"wp","href":"https:\/\/api.w.org\/{rel}","templated":true}]}}