{"id":3393,"date":"2025-10-08T17:47:16","date_gmt":"2025-10-08T16:47:16","guid":{"rendered":"https:\/\/loja.virtualhome360.pt\/product\/video\/"},"modified":"2026-01-21T18:13:03","modified_gmt":"2026-01-21T17:13:03","slug":"video","status":"publish","type":"product","link":"https:\/\/shop.virtualhome360.pt\/es\/product\/video\/","title":{"rendered":"V\u00eddeo"},"content":{"rendered":"<p>Tipos de Video:<\/p>\n<ul>\n<li><strong>Presentaci\u00f3n de diapositivas:<\/strong> creaci\u00f3n de un proyecto de presentaci\u00f3n de diapositivas en la aplicaci\u00f3n con las fotos disponibles en la galer\u00eda o tomadas de las panor\u00e1micas;<\/li>\n<li><strong>Proyecto de v\u00eddeo:<\/strong> creaci\u00f3n de un proyecto de v\u00eddeo integrado en la aplicaci\u00f3n con el contenido de la visita virtual;<\/li>\n<li><strong>Promocional (regular):<\/strong> video creado usando una plantilla <a href=\"https:\/\/loja.virtualhome360.pt\/produto\/flexclip\/\">FlexClip;<\/a><\/li>\n<li><strong>Promocional (avanzado):<\/strong> v\u00eddeo creado con la combinaci\u00f3n de todos los elementos disponibles.<\/li>\n<\/ul>","protected":false},"excerpt":{"rendered":"<p>Creaci\u00f3n de v\u00eddeo para diversos tipos de necesidades y contenidos. Con cr\u00e9ditos <a href=\"https:\/\/loja.virtualhome360.pt\/produto\/most\/\">M\u00c1S<\/a> o un plan <a href=\"https:\/\/loja.virtualhome360.pt\/produto\/mostplus\/\">MOST+ este servicio es m\u00e1s barato.<\/a><\/p>","protected":false},"featured_media":3392,"template":"","meta":[],"product_brand":[],"product_cat":[98],"product_tag":[],"class_list":{"0":"post-3393","1":"product","2":"type-product","3":"status-publish","4":"has-post-thumbnail","6":"product_cat-servicos","8":"first","9":"instock","10":"featured","11":"taxable","12":"shipping-taxable","13":"purchasable","14":"product-type-variable"},"ct_brands":[],"_links":{"self":[{"href":"https:\/\/shop.virtualhome360.pt\/es\/wp-json\/wp\/v2\/product\/3393","targetHints":{"allow":["GET"]}}],"collection":[{"href":"https:\/\/shop.virtualhome360.pt\/es\/wp-json\/wp\/v2\/product"}],"about":[{"href":"https:\/\/shop.virtualhome360.pt\/es\/wp-json\/wp\/v2\/types\/product"}],"wp:featuredmedia":[{"embeddable":true,"href":"https:\/\/shop.virtualhome360.pt\/es\/wp-json\/wp\/v2\/media\/3392"}],"wp:attachment":[{"href":"https:\/\/shop.virtualhome360.pt\/es\/wp-json\/wp\/v2\/media?parent=3393"}],"wp:term":[{"taxonomy":"product_brand","embeddable":true,"href":"https:\/\/shop.virtualhome360.pt\/es\/wp-json\/wp\/v2\/product_brand?post=3393"},{"taxonomy":"product_cat","embeddable":true,"href":"https:\/\/shop.virtualhome360.pt\/es\/wp-json\/wp\/v2\/product_cat?post=3393"},{"taxonomy":"product_tag","embeddable":true,"href":"https:\/\/shop.virtualhome360.pt\/es\/wp-json\/wp\/v2\/product_tag?post=3393"}],"curies":[{"name":"wp","href":"https:\/\/api.w.org\/{rel}","templated":true}]}}