{"id":3433,"date":"2025-12-05T17:29:42","date_gmt":"2025-12-05T16:29:42","guid":{"rendered":"https:\/\/loja.virtualhome360.pt\/?post_type=product&#038;p=3433"},"modified":"2025-12-05T18:29:00","modified_gmt":"2025-12-05T17:29:00","slug":"antigravity-a1","status":"publish","type":"product","link":"https:\/\/shop.virtualhome360.pt\/es\/product\/antigravity-a1\/","title":{"rendered":"Antigravedad A1"},"content":{"rendered":"<p><strong>Antigravedad A1: la revoluci\u00f3n del vuelo inmersivo de 360\u00b0<\/strong><\/p>\n<p>El primer dron del mundo con captura de 360 \u00b0 8K, dise\u00f1ado para transformar la forma en que explora y comparte historias. Con la tecnolog\u00eda desarrollada por Insta360, el Antigravity A1 no es solo un dron, es una c\u00e1mara voladora invisible que graba todo lo que te rodea sin que el propio dron aparezca en la imagen.<\/p>\n<p><strong>\u00bfPor qu\u00e9 elegir Antigravity A1?<\/strong><\/p>\n<ul>\n<li>Pel\u00edcula todo sin l\u00edmites: Gracias a las lentes duales y al avanzado algoritmo de costura, cada vuelo es una experiencia completa. Captura todo el entorno en 8K y luego decide los \u00e1ngulos perfectos.<\/li>\n<li>Libertad total con FreeMotion: Mira a donde quieras mientras vuelas en otra direcci\u00f3n. Con las gafas Visi\u00f3n y el Grip Controller, el vuelo se vuelve intuitivo e inmersivo, solo tienes que indicar a d\u00f3nde quieres ir.<\/li>\n<li>Estabilidad de la pel\u00edcula: La tecnolog\u00eda FlowState garantiza im\u00e1genes suaves incluso en condiciones dif\u00edciles.<\/li>\n<li>Dise\u00f1o ultraligero y seguro: Con solo 249 g, el A1 es f\u00e1cil de transportar y cumple con los est\u00e1ndares internacionales. Incluye retorno autom\u00e1tico, detecci\u00f3n de obst\u00e1culos y sistema anti-modificaci\u00f3n para la m\u00e1xima seguridad.<\/li>\n<li>Crianza ilimitada: Exportar en cualquier formato con efectos creativos y compartir en tiempo real. Un solo vuelo genera un sinf\u00edn de posibilidades para redes sociales, proyectos profesionales o aventuras personales.<\/li>\n<\/ul>\n<p>Ideal para creadores, viajeros y entusiastas, el Antigravity A1 redefine el concepto de drone: Vuela primero, enmarca despu\u00e9s. Prep\u00e1rese para una nueva era de exploraci\u00f3n a\u00e9rea.<\/p>\n<p><strong>Aspectos destacados:<\/strong><\/p>\n<ul>\n<li>C\u00e1mara de 360\u00b0 8K: graba todo lo que te rodea con calidad cinematogr\u00e1fica.<\/li>\n<li>Drone invisible: algoritmo avanzado que elimina el cuerpo del dron de las im\u00e1genes.<\/li>\n<li>Estabilizaci\u00f3n FlowState: v\u00eddeos suaves sin necesidad de gimbal.<\/li>\n<li>Peso ultraligero (249 g): no hay registro en muchos pa\u00edses.<\/li>\n<li>Control intuitivo: controlador de agarre + gafas de visi\u00f3n para un vuelo inmersivo.<\/li>\n<li>Modo FreeMotion: vuela en una direcci\u00f3n y mira en otra.<\/li>\n<li>Seguridad avanzada \u2013 Detecci\u00f3n de obst\u00e1culos + retorno autom\u00e1tico.<\/li>\n<li>Intercambio instant\u00e1neo: transmisi\u00f3n en directo y exportaci\u00f3n en cualquier formato.<\/li>\n<li>Dise\u00f1o compacto y plegable: ll\u00e9vate a cualquier aventura.<\/li>\n<li>Modos inteligentes: Rastreo, \u00f3rbita, caminos preprogramados.<\/li>\n<li>Conectividad: Transferencia inal\u00e1mbrica + transmisi\u00f3n en vivo.<\/li>\n<li>Compatibilidad: Aplicaci\u00f3n Insta360 para edici\u00f3n y efectos creativos.<\/li>\n<\/ul>","protected":false},"excerpt":{"rendered":"<p><strong>IMERSIVO 360 \u2013\u00a0<\/strong>P\u00f3ngase gafas Visi\u00f3n y tenga una experiencia verdaderamente inmersiva de 360 grados. Gira la cabeza libremente y disfruta de las maravillas del mundo.<\/p>","protected":false},"featured_media":3435,"template":"","meta":[],"product_brand":[149],"product_cat":[137,38],"product_tag":[118],"class_list":{"0":"post-3433","1":"product","2":"type-product","3":"status-publish","4":"has-post-thumbnail","6":"product_brand-insta360","7":"product_cat-drone","8":"product_cat-equipamentos","9":"product_tag-insta360","10":"product_shipping_class-regular-pt-pt","12":"first","13":"onbackorder","14":"taxable","15":"shipping-taxable","16":"purchasable","17":"product-type-variable"},"ct_brands":[{"id":149,"name":"Insta360","slug":"insta360"}],"_links":{"self":[{"href":"https:\/\/shop.virtualhome360.pt\/es\/wp-json\/wp\/v2\/product\/3433","targetHints":{"allow":["GET"]}}],"collection":[{"href":"https:\/\/shop.virtualhome360.pt\/es\/wp-json\/wp\/v2\/product"}],"about":[{"href":"https:\/\/shop.virtualhome360.pt\/es\/wp-json\/wp\/v2\/types\/product"}],"wp:featuredmedia":[{"embeddable":true,"href":"https:\/\/shop.virtualhome360.pt\/es\/wp-json\/wp\/v2\/media\/3435"}],"wp:attachment":[{"href":"https:\/\/shop.virtualhome360.pt\/es\/wp-json\/wp\/v2\/media?parent=3433"}],"wp:term":[{"taxonomy":"product_brand","embeddable":true,"href":"https:\/\/shop.virtualhome360.pt\/es\/wp-json\/wp\/v2\/product_brand?post=3433"},{"taxonomy":"product_cat","embeddable":true,"href":"https:\/\/shop.virtualhome360.pt\/es\/wp-json\/wp\/v2\/product_cat?post=3433"},{"taxonomy":"product_tag","embeddable":true,"href":"https:\/\/shop.virtualhome360.pt\/es\/wp-json\/wp\/v2\/product_tag?post=3433"}],"curies":[{"name":"wp","href":"https:\/\/api.w.org\/{rel}","templated":true}]}}