{"id":3588,"date":"2026-01-21T11:49:21","date_gmt":"2026-01-21T10:49:21","guid":{"rendered":"https:\/\/shop.virtualhome360.pt\/?post_type=product&#038;p=3588"},"modified":"2026-04-17T11:53:44","modified_gmt":"2026-04-17T10:53:44","slug":"most","status":"publish","type":"product","link":"https:\/\/shop.virtualhome360.pt\/es\/product\/most\/","title":{"rendered":"M\u00c1S+"},"content":{"rendered":"<p><span class=\"dipi-pt-feature-text\">Un plan <strong>M\u00c1S+<\/strong> incluye <\/span>600 cr\u00e9ditos MOST (para qualquer servi\u00e7o MOST, inclu\u00edndo a montagem de tours) e uma conta Ilimitada anual (no valor de \u20ac300).<\/p>\n<p>Cr\u00e9ditos por el servicio <strong>M\u00c1S<\/strong> No caducan y pueden ser <a href=\"https:\/\/shop.virtualhome360.pt\/es\/product-category\/servicos\/\">comprado aqu\u00ed<\/a>.<\/p>\n<p>Este plan le da acceso a las cuentas de Social 360 y Superlink Premium, as\u00ed como a los descuentos de 3D Renders.<\/p>","protected":false},"excerpt":{"rendered":"<p><span class=\"dipi-pt-feature-text\">Un plan <strong>M\u00c1S+<\/strong> incluye <\/span>600 cr\u00e9ditos MOST (para qualquer servi\u00e7o MOST, inclu\u00edndo a montagem de tours) e uma conta Ilimitada anual (no valor de \u20ac300).<\/p>","protected":false},"featured_media":1452,"template":"","meta":[],"product_brand":[],"product_cat":[39],"product_tag":[],"class_list":{"0":"post-3588","1":"product","2":"type-product","3":"status-publish","4":"has-post-thumbnail","6":"product_cat-planos","7":"pa_plano-anual-most-10-pt-pt","8":"pa_plano-anual-most-15-pt-pt","9":"pa_plano-anual-most-20-pt-pt","10":"pa_plano-anual-most-5-pt-pt","11":"pa_plano-anual-most-mais","13":"first","14":"instock","15":"sale","16":"virtual","17":"taxable","18":"purchasable","19":"product-type-simple"},"ct_brands":[],"_links":{"self":[{"href":"https:\/\/shop.virtualhome360.pt\/es\/wp-json\/wp\/v2\/product\/3588","targetHints":{"allow":["GET"]}}],"collection":[{"href":"https:\/\/shop.virtualhome360.pt\/es\/wp-json\/wp\/v2\/product"}],"about":[{"href":"https:\/\/shop.virtualhome360.pt\/es\/wp-json\/wp\/v2\/types\/product"}],"wp:featuredmedia":[{"embeddable":true,"href":"https:\/\/shop.virtualhome360.pt\/es\/wp-json\/wp\/v2\/media\/1452"}],"wp:attachment":[{"href":"https:\/\/shop.virtualhome360.pt\/es\/wp-json\/wp\/v2\/media?parent=3588"}],"wp:term":[{"taxonomy":"product_brand","embeddable":true,"href":"https:\/\/shop.virtualhome360.pt\/es\/wp-json\/wp\/v2\/product_brand?post=3588"},{"taxonomy":"product_cat","embeddable":true,"href":"https:\/\/shop.virtualhome360.pt\/es\/wp-json\/wp\/v2\/product_cat?post=3588"},{"taxonomy":"product_tag","embeddable":true,"href":"https:\/\/shop.virtualhome360.pt\/es\/wp-json\/wp\/v2\/product_tag?post=3588"}],"curies":[{"name":"wp","href":"https:\/\/api.w.org\/{rel}","templated":true}]}}