{"id":629,"date":"2023-04-19T18:28:42","date_gmt":"2023-04-19T17:28:42","guid":{"rendered":"https:\/\/loja.virtualhome360.pt\/product\/kit-smartphone\/"},"modified":"2026-01-21T18:11:54","modified_gmt":"2026-01-21T17:11:54","slug":"smartphone-kit","status":"publish","type":"product","link":"https:\/\/shop.virtualhome360.pt\/es\/product\/smartphone-kit\/","title":{"rendered":"Kit de Smartphone"},"content":{"rendered":"<p>Con este kit, puede usar la c\u00e1mara de su tel\u00e9fono inteligente para obtener im\u00e1genes de 360 grados y crear visitas virtuales.<\/p>","protected":false},"excerpt":{"rendered":"<p>Con este kit, puede usar la c\u00e1mara de su tel\u00e9fono inteligente para obtener im\u00e1genes de 360 grados y crear visitas virtuales.<\/p>","protected":false},"featured_media":280,"template":"","meta":[],"product_brand":[],"product_cat":[38],"product_tag":[],"class_list":{"0":"post-629","1":"product","2":"type-product","3":"status-publish","4":"has-post-thumbnail","6":"product_cat-equipamentos","8":"first","9":"instock","10":"featured","11":"taxable","12":"shipping-taxable","13":"purchasable","14":"product-type-simple"},"ct_brands":[],"_links":{"self":[{"href":"https:\/\/shop.virtualhome360.pt\/es\/wp-json\/wp\/v2\/product\/629","targetHints":{"allow":["GET"]}}],"collection":[{"href":"https:\/\/shop.virtualhome360.pt\/es\/wp-json\/wp\/v2\/product"}],"about":[{"href":"https:\/\/shop.virtualhome360.pt\/es\/wp-json\/wp\/v2\/types\/product"}],"wp:featuredmedia":[{"embeddable":true,"href":"https:\/\/shop.virtualhome360.pt\/es\/wp-json\/wp\/v2\/media\/280"}],"wp:attachment":[{"href":"https:\/\/shop.virtualhome360.pt\/es\/wp-json\/wp\/v2\/media?parent=629"}],"wp:term":[{"taxonomy":"product_brand","embeddable":true,"href":"https:\/\/shop.virtualhome360.pt\/es\/wp-json\/wp\/v2\/product_brand?post=629"},{"taxonomy":"product_cat","embeddable":true,"href":"https:\/\/shop.virtualhome360.pt\/es\/wp-json\/wp\/v2\/product_cat?post=629"},{"taxonomy":"product_tag","embeddable":true,"href":"https:\/\/shop.virtualhome360.pt\/es\/wp-json\/wp\/v2\/product_tag?post=629"}],"curies":[{"name":"wp","href":"https:\/\/api.w.org\/{rel}","templated":true}]}}