{"id":637,"date":"2023-04-20T08:36:54","date_gmt":"2023-04-20T07:36:54","guid":{"rendered":"https:\/\/loja.virtualhome360.pt\/product\/ricoh-theta-x-45gb\/"},"modified":"2026-01-17T19:38:36","modified_gmt":"2026-01-17T18:38:36","slug":"ricoh-theta-x-45gb","status":"publish","type":"product","link":"https:\/\/shop.virtualhome360.pt\/es\/product\/ricoh-theta-x-45gb\/","title":{"rendered":"Ricoh Theta X (45 GB)"},"content":{"rendered":"<p>Ricoh Theta X con 45 Gb de capacidad de almacenamiento, oferta de 3 Meses de Casa Virtual 360.<\/p>\n<p>M\u00e1s informaci\u00f3n sobre esta c\u00e1mara en <a href=\"https:\/\/theta360.com\/en\/about\/theta\/x.html\" target=\"_blank\" rel=\"noopener\">https:\/\/theta360.com\/en\/about\/theta\/x.html<\/a>.<\/p>","protected":false},"excerpt":{"rendered":"<p>Ricoh Theta X con 45 Gb de capacidad de almacenamiento, oferta de 3 Meses de Casa Virtual 360.<\/p>","protected":false},"featured_media":292,"template":"","meta":[],"product_brand":[],"product_cat":[134,38],"product_tag":[],"class_list":{"0":"post-637","1":"product","2":"type-product","3":"status-publish","4":"has-post-thumbnail","6":"product_cat-camaras","7":"product_cat-equipamentos","9":"first","10":"outofstock","11":"taxable","12":"shipping-taxable","13":"purchasable","14":"product-type-simple"},"ct_brands":[],"_links":{"self":[{"href":"https:\/\/shop.virtualhome360.pt\/es\/wp-json\/wp\/v2\/product\/637","targetHints":{"allow":["GET"]}}],"collection":[{"href":"https:\/\/shop.virtualhome360.pt\/es\/wp-json\/wp\/v2\/product"}],"about":[{"href":"https:\/\/shop.virtualhome360.pt\/es\/wp-json\/wp\/v2\/types\/product"}],"wp:featuredmedia":[{"embeddable":true,"href":"https:\/\/shop.virtualhome360.pt\/es\/wp-json\/wp\/v2\/media\/292"}],"wp:attachment":[{"href":"https:\/\/shop.virtualhome360.pt\/es\/wp-json\/wp\/v2\/media?parent=637"}],"wp:term":[{"taxonomy":"product_brand","embeddable":true,"href":"https:\/\/shop.virtualhome360.pt\/es\/wp-json\/wp\/v2\/product_brand?post=637"},{"taxonomy":"product_cat","embeddable":true,"href":"https:\/\/shop.virtualhome360.pt\/es\/wp-json\/wp\/v2\/product_cat?post=637"},{"taxonomy":"product_tag","embeddable":true,"href":"https:\/\/shop.virtualhome360.pt\/es\/wp-json\/wp\/v2\/product_tag?post=637"}],"curies":[{"name":"wp","href":"https:\/\/api.w.org\/{rel}","templated":true}]}}