{"id":639,"date":"2023-04-20T08:43:25","date_gmt":"2023-04-20T07:43:25","guid":{"rendered":"https:\/\/loja.virtualhome360.pt\/product\/flexclip\/"},"modified":"2026-01-21T18:11:48","modified_gmt":"2026-01-21T17:11:48","slug":"flexclip","status":"publish","type":"product","link":"https:\/\/shop.virtualhome360.pt\/es\/product\/flexclip\/","title":{"rendered":"FlexClip: Editor de v\u00eddeo en l\u00ednea"},"content":{"rendered":"<p>FlexClip es un creador y editor de video simple pero poderoso accesible para todos. Ayudamos a los usuarios a crear f\u00e1cilmente contenido de video atractivo para fines personales o profesionales sin ninguna curva de aprendizaje.<\/p>\n<p>Esta es una licencia de 1 a\u00f1o para el Plan PLUS.<\/p>","protected":false},"excerpt":{"rendered":"<p>Software de creaci\u00f3n de videos en l\u00ednea para videos de marketing inmobiliario. Esta es una licencia de 1 a\u00f1o para el Plan PLUS.<\/p>","protected":false},"featured_media":3027,"template":"","meta":[],"product_brand":[],"product_cat":[40],"product_tag":[],"class_list":{"0":"post-639","1":"product","2":"type-product","3":"status-publish","4":"has-post-thumbnail","6":"product_cat-software-pt","8":"first","9":"instock","10":"sale","11":"featured","12":"virtual","13":"taxable","14":"purchasable","15":"product-type-simple"},"ct_brands":[],"_links":{"self":[{"href":"https:\/\/shop.virtualhome360.pt\/es\/wp-json\/wp\/v2\/product\/639","targetHints":{"allow":["GET"]}}],"collection":[{"href":"https:\/\/shop.virtualhome360.pt\/es\/wp-json\/wp\/v2\/product"}],"about":[{"href":"https:\/\/shop.virtualhome360.pt\/es\/wp-json\/wp\/v2\/types\/product"}],"wp:featuredmedia":[{"embeddable":true,"href":"https:\/\/shop.virtualhome360.pt\/es\/wp-json\/wp\/v2\/media\/3027"}],"wp:attachment":[{"href":"https:\/\/shop.virtualhome360.pt\/es\/wp-json\/wp\/v2\/media?parent=639"}],"wp:term":[{"taxonomy":"product_brand","embeddable":true,"href":"https:\/\/shop.virtualhome360.pt\/es\/wp-json\/wp\/v2\/product_brand?post=639"},{"taxonomy":"product_cat","embeddable":true,"href":"https:\/\/shop.virtualhome360.pt\/es\/wp-json\/wp\/v2\/product_cat?post=639"},{"taxonomy":"product_tag","embeddable":true,"href":"https:\/\/shop.virtualhome360.pt\/es\/wp-json\/wp\/v2\/product_tag?post=639"}],"curies":[{"name":"wp","href":"https:\/\/api.w.org\/{rel}","templated":true}]}}