{"id":651,"date":"2023-05-09T16:52:59","date_gmt":"2023-05-09T15:52:59","guid":{"rendered":"https:\/\/loja.virtualhome360.pt\/product\/1\/"},"modified":"2026-04-17T10:56:55","modified_gmt":"2026-04-17T09:56:55","slug":"ilimitado","status":"publish","type":"product","link":"https:\/\/shop.virtualhome360.pt\/es\/product\/ilimitado\/","title":{"rendered":"Ilimitado"},"content":{"rendered":"<div class=\"et_pb_module dipi_pricing_table_item dipi_pricing_table_item_37\">\n<div class=\"et_pb_module_inner\">\n<ul>\n<li class=\"dipi-pt-feature\"><span class=\"dipi-pt-feature-text\">Todas las funciones<\/span><\/li>\n<li class=\"dipi-pt-feature\"><span class=\"dipi-pt-feature-text\">Tours\/Videos ilimitados (creaci\u00f3n y mantenimiento de 15 tours por mes)<\/span><\/li>\n<li>Servi\u00e7o de montagem das visitas virtuais inclu\u00eddo nos planos Ilimitado MOST<\/li>\n<li class=\"dipi-pt-feature\"><span class=\"dipi-pt-feature-text\">Descargar visitas virtuales<\/span><\/li>\n<li><span class=\"dipi-pt-feature-text\">Tours activos despu\u00e9s de la expiraci\u00f3n (hasta 6 meses)<\/span><\/li>\n<li>Acceso a la Cuenta Social 360 (solo plan anual)<\/li>\n<li>Acceso a la cuenta Superlink Premium (solo plan anual)<\/li>\n<li>Descuentos en Renders 3D (solo plan anual)<\/li>\n<\/ul>\n<\/div>\n<\/div>","protected":false},"excerpt":{"rendered":"<p>Um m\u00eas ou um ano de visitas virtuais e v\u00eddeos ilimitados, como ou sem servi\u00e7o de montagem.<\/p>\n<p>Aproveite os planos anuais e receba 2 meses gr\u00e1tis e outras ofertas.<\/p>","protected":false},"featured_media":3651,"template":"","meta":[],"product_brand":[],"product_cat":[39],"product_tag":[],"class_list":{"0":"post-651","1":"product","2":"type-product","3":"status-publish","4":"has-post-thumbnail","6":"product_cat-planos","8":"first","9":"instock","10":"sale","11":"taxable","12":"shipping-taxable","13":"purchasable","14":"product-type-variable"},"ct_brands":[],"_links":{"self":[{"href":"https:\/\/shop.virtualhome360.pt\/es\/wp-json\/wp\/v2\/product\/651","targetHints":{"allow":["GET"]}}],"collection":[{"href":"https:\/\/shop.virtualhome360.pt\/es\/wp-json\/wp\/v2\/product"}],"about":[{"href":"https:\/\/shop.virtualhome360.pt\/es\/wp-json\/wp\/v2\/types\/product"}],"wp:featuredmedia":[{"embeddable":true,"href":"https:\/\/shop.virtualhome360.pt\/es\/wp-json\/wp\/v2\/media\/3651"}],"wp:attachment":[{"href":"https:\/\/shop.virtualhome360.pt\/es\/wp-json\/wp\/v2\/media?parent=651"}],"wp:term":[{"taxonomy":"product_brand","embeddable":true,"href":"https:\/\/shop.virtualhome360.pt\/es\/wp-json\/wp\/v2\/product_brand?post=651"},{"taxonomy":"product_cat","embeddable":true,"href":"https:\/\/shop.virtualhome360.pt\/es\/wp-json\/wp\/v2\/product_cat?post=651"},{"taxonomy":"product_tag","embeddable":true,"href":"https:\/\/shop.virtualhome360.pt\/es\/wp-json\/wp\/v2\/product_tag?post=651"}],"curies":[{"name":"wp","href":"https:\/\/api.w.org\/{rel}","templated":true}]}}